{"id":3466,"date":"2024-02-27T17:14:26","date_gmt":"2024-02-27T09:14:26","guid":{"rendered":"http:\/\/www.sinoglass.com\/?post_type=product&#038;p=3466"},"modified":"2025-04-21T13:51:59","modified_gmt":"2025-04-21T05:51:59","slug":"lazy-susan-spice-rack","status":"publish","type":"product","link":"https:\/\/www.sinoglass.com\/fr\/product\/lazy-susan-spice-rack\/","title":{"rendered":"Rack \u00e0 \u00e9pices Lazy Susan #79352008"},"content":{"rendered":"<p>De nombreuses \u00e9pices ressemblent, donc un pot d'\u00e9pices \u00e9tiquet\u00e9 et \u00e0 double couvercle est doublement pratique. Ouvert d'un c\u00f4t\u00e9 pour une zone d'aspersion innovante avec deux choix de sortie. Ouvrez l'autre c\u00f4t\u00e9 pour verser de plus grandes \u00e9pices ou pour facilement remplir sans enlever le couvercle. Est-ce le thym ou le basilic ? Avec une \u00e9tiquette sur le pot il&#8217; Pas besoin de deviner. Le support rotatif \u00e0 double couche peut aider \u00e0 g\u00e9rer 12 bocaux d'\u00e9pices de mani\u00e8re ordonn\u00e9e et \u00e0 les obtenir plus facilement.<\/p>","protected":false},"excerpt":{"rendered":"<ul>\n<li>Boc d'\u00e9pices rond \u00e0 double couvercle.<\/li>\n<li>Zone d'aspersion innovante.<\/li>\n<li>\u00c9tiquettes incluses.<\/li>\n<li>Deux tailles et trois couleurs disponibles.<\/li>\n<li>Choix de combinaisons de rack d'\u00e9pices.<\/li>\n<\/ul>","protected":false},"featured_media":3433,"comment_status":"open","ping_status":"closed","template":"","meta":{"_acf_changed":false},"product_brand":[],"product_cat":[110,70,213],"product_tag":[],"class_list":{"0":"post-3466","1":"product","2":"type-product","3":"status-publish","4":"has-post-thumbnail","6":"product_cat-rotating-spice-rack","7":"product_cat-spice-racks","8":"product_cat-spice-rack-jars","10":"first","11":"instock","12":"shipping-taxable","13":"purchasable","14":"product-type-variable"},"acf":[],"_links":{"self":[{"href":"https:\/\/www.sinoglass.com\/fr\/wp-json\/wp\/v2\/product\/3466","targetHints":{"allow":["GET"]}}],"collection":[{"href":"https:\/\/www.sinoglass.com\/fr\/wp-json\/wp\/v2\/product"}],"about":[{"href":"https:\/\/www.sinoglass.com\/fr\/wp-json\/wp\/v2\/types\/product"}],"replies":[{"embeddable":true,"href":"https:\/\/www.sinoglass.com\/fr\/wp-json\/wp\/v2\/comments?post=3466"}],"wp:featuredmedia":[{"embeddable":true,"href":"https:\/\/www.sinoglass.com\/fr\/wp-json\/wp\/v2\/media\/3433"}],"wp:attachment":[{"href":"https:\/\/www.sinoglass.com\/fr\/wp-json\/wp\/v2\/media?parent=3466"}],"wp:term":[{"taxonomy":"product_brand","embeddable":true,"href":"https:\/\/www.sinoglass.com\/fr\/wp-json\/wp\/v2\/product_brand?post=3466"},{"taxonomy":"product_cat","embeddable":true,"href":"https:\/\/www.sinoglass.com\/fr\/wp-json\/wp\/v2\/product_cat?post=3466"},{"taxonomy":"product_tag","embeddable":true,"href":"https:\/\/www.sinoglass.com\/fr\/wp-json\/wp\/v2\/product_tag?post=3466"}],"curies":[{"name":"WP","href":"https:\/\/api.w.org\/{rel}","templated":true}]}}