{"id":3380,"date":"2024-02-26T09:52:05","date_gmt":"2024-02-26T01:52:05","guid":{"rendered":"http:\/\/www.sinoglass.com\/?post_type=product&#038;p=3380"},"modified":"2024-06-14T15:58:19","modified_gmt":"2024-06-14T07:58:19","slug":"glass-jars-with-bamboo-lid","status":"publish","type":"product","link":"https:\/\/www.sinoglass.com\/fr\/product\/glass-jars-with-bamboo-lid\/","title":{"rendered":"Bocs en verre avec couvercle en bambou #99279001"},"content":{"rendered":"<p>Nous avons pris notre solution de stockage en verre classique et durable et l'avons surmont\u00e9e d'un couvercle en bambou rond qui se vis serr\u00e9 et s\u00e9curis\u00e9. Le carr\u00e9 est id\u00e9al pour votre espace d'\u00e9tag\u00e8re, le bambou est id\u00e9al pour un sens du style. Trois tailles disponibles offrent la vari\u00e9t\u00e9 dont chaque cuisine a besoin.<\/p>","protected":false},"excerpt":{"rendered":"<ul>\n<li>Boc de stockage en verre carr\u00e9 classique.<\/li>\n<li>Couverture en bambou ronde \u00e9l\u00e9gante.<\/li>\n<li>Trois tailles disponibles.<\/li>\n<\/ul>","protected":false},"featured_media":5651,"comment_status":"open","ping_status":"closed","template":"","meta":{"_acf_changed":false},"product_brand":[],"product_cat":[102,218,100,68,88],"product_tag":[],"class_list":{"0":"post-3380","1":"product","2":"type-product","3":"status-publish","4":"has-post-thumbnail","6":"product_cat-airtight-food-container","7":"product_cat-eco-friendly","8":"product_cat-glass-storage-jar","9":"product_cat-storage-jars","10":"product_cat-wooden-lid-jar","12":"first","13":"instock","14":"shipping-taxable","15":"purchasable","16":"product-type-variable"},"acf":[],"_links":{"self":[{"href":"https:\/\/www.sinoglass.com\/fr\/wp-json\/wp\/v2\/product\/3380","targetHints":{"allow":["GET"]}}],"collection":[{"href":"https:\/\/www.sinoglass.com\/fr\/wp-json\/wp\/v2\/product"}],"about":[{"href":"https:\/\/www.sinoglass.com\/fr\/wp-json\/wp\/v2\/types\/product"}],"replies":[{"embeddable":true,"href":"https:\/\/www.sinoglass.com\/fr\/wp-json\/wp\/v2\/comments?post=3380"}],"wp:featuredmedia":[{"embeddable":true,"href":"https:\/\/www.sinoglass.com\/fr\/wp-json\/wp\/v2\/media\/5651"}],"wp:attachment":[{"href":"https:\/\/www.sinoglass.com\/fr\/wp-json\/wp\/v2\/media?parent=3380"}],"wp:term":[{"taxonomy":"product_brand","embeddable":true,"href":"https:\/\/www.sinoglass.com\/fr\/wp-json\/wp\/v2\/product_brand?post=3380"},{"taxonomy":"product_cat","embeddable":true,"href":"https:\/\/www.sinoglass.com\/fr\/wp-json\/wp\/v2\/product_cat?post=3380"},{"taxonomy":"product_tag","embeddable":true,"href":"https:\/\/www.sinoglass.com\/fr\/wp-json\/wp\/v2\/product_tag?post=3380"}],"curies":[{"name":"WP","href":"https:\/\/api.w.org\/{rel}","templated":true}]}}