{"id":3378,"date":"2024-02-26T09:04:24","date_gmt":"2024-02-26T01:04:24","guid":{"rendered":"http:\/\/www.sinoglass.com\/?post_type=product&#038;p=3378"},"modified":"2025-01-17T09:05:47","modified_gmt":"2025-01-17T01:05:47","slug":"olive-oil-honey-jar","status":"publish","type":"product","link":"https:\/\/www.sinoglass.com\/fr\/product\/olive-oil-honey-jar\/","title":{"rendered":"Boc d'huile d'olive\/miel &#8211; Diapositive pour Fermer #68222002"},"content":{"rendered":"<pre>Le probl\u00e8me avec le versement du miel est la derni\u00e8re goutte. Il descend g\u00e9n\u00e9ralement sur le c\u00f4t\u00e9 du pot. Nous avons r\u00e9solu ce probl\u00e8me avec THE DRIPLESS, un pot compact avec un bec unique. Apr\u00e8s avoir vers\u00e9 la quantit\u00e9 que vous voulez, baissez un peu le pot en arri\u00e8re et faites glisser le bec ferm\u00e9. L'ajustement serr\u00e9 du toboggan presse le dernier morceau de miel, l'emp\u00eachant de goutter sur le pot. Probl\u00e8me r\u00e9solu !<\/pre>","protected":false},"excerpt":{"rendered":"<ul>\n<li>Boc compact avec poign\u00e9e confortable.<\/li>\n<li>Le m\u00e9canisme coulissant scelle la pointe, arr\u00eate le goutte-\u00e0-goutte.<\/li>\n<li>Une solution sans d\u00e9sordre.<\/li>\n<\/ul>","protected":false},"featured_media":3375,"comment_status":"open","ping_status":"closed","template":"","meta":{"_acf_changed":false},"product_brand":[],"product_cat":[69,250],"product_tag":[],"class_list":{"0":"post-3378","1":"product","2":"type-product","3":"status-publish","4":"has-post-thumbnail","6":"product_cat-oil-dispensers","7":"product_cat-oil-vinegar-dispenser","9":"first","10":"instock","11":"shipping-taxable","12":"purchasable","13":"product-type-variable"},"acf":[],"_links":{"self":[{"href":"https:\/\/www.sinoglass.com\/fr\/wp-json\/wp\/v2\/product\/3378","targetHints":{"allow":["GET"]}}],"collection":[{"href":"https:\/\/www.sinoglass.com\/fr\/wp-json\/wp\/v2\/product"}],"about":[{"href":"https:\/\/www.sinoglass.com\/fr\/wp-json\/wp\/v2\/types\/product"}],"replies":[{"embeddable":true,"href":"https:\/\/www.sinoglass.com\/fr\/wp-json\/wp\/v2\/comments?post=3378"}],"wp:featuredmedia":[{"embeddable":true,"href":"https:\/\/www.sinoglass.com\/fr\/wp-json\/wp\/v2\/media\/3375"}],"wp:attachment":[{"href":"https:\/\/www.sinoglass.com\/fr\/wp-json\/wp\/v2\/media?parent=3378"}],"wp:term":[{"taxonomy":"product_brand","embeddable":true,"href":"https:\/\/www.sinoglass.com\/fr\/wp-json\/wp\/v2\/product_brand?post=3378"},{"taxonomy":"product_cat","embeddable":true,"href":"https:\/\/www.sinoglass.com\/fr\/wp-json\/wp\/v2\/product_cat?post=3378"},{"taxonomy":"product_tag","embeddable":true,"href":"https:\/\/www.sinoglass.com\/fr\/wp-json\/wp\/v2\/product_tag?post=3378"}],"curies":[{"name":"WP","href":"https:\/\/api.w.org\/{rel}","templated":true}]}}