{"id":3361,"date":"2024-02-23T17:17:31","date_gmt":"2024-02-23T09:17:31","guid":{"rendered":"http:\/\/www.sinoglass.com\/?post_type=product&#038;p=3361"},"modified":"2024-04-11T16:58:17","modified_gmt":"2024-04-11T08:58:17","slug":"olive-oil-dispenser-with-brush","status":"publish","type":"product","link":"https:\/\/www.sinoglass.com\/fr\/product\/olive-oil-dispenser-with-brush\/","title":{"rendered":"Distributeur d'huile d'olive avec brosse #78932000"},"content":{"rendered":"<p>La m\u00e9thode habituelle: Verser sur l'huile, puis la r\u00e9pandre avec une brosse ou un ustensile s\u00e9par\u00e9. La meilleure fa\u00e7on : utilisez une seule \u00e9tape ! La brosse en silicone vous permet de contr\u00f4ler la quantit\u00e9 dont vous avez besoin. Lorsque vous avez termin\u00e9, l\u2019exc\u00e8s d\u2019huile rentre dans la bouteille. Un bouchon sp\u00e9cial dans le couvercle tournable emp\u00eache les fuites d'huile.<\/p>","protected":false},"excerpt":{"rendered":"<ul>\n<li>Le silicone doux r\u00e9pand l'huile de mani\u00e8re uniforme.<\/li>\n<li>Un couvercle sp\u00e9cial emp\u00eache l'huile de fuir dans la brosse.<\/li>\n<li>L'exc\u00e8s d'huile rentre dans la bouteille.<\/li>\n<\/ul>","protected":false},"featured_media":3368,"comment_status":"open","ping_status":"closed","template":"","meta":{"_acf_changed":false},"product_brand":[],"product_cat":[69],"product_tag":[],"class_list":{"0":"post-3361","1":"product","2":"type-product","3":"status-publish","4":"has-post-thumbnail","6":"product_cat-oil-dispensers","8":"first","9":"instock","10":"shipping-taxable","11":"purchasable","12":"product-type-variable"},"acf":[],"_links":{"self":[{"href":"https:\/\/www.sinoglass.com\/fr\/wp-json\/wp\/v2\/product\/3361","targetHints":{"allow":["GET"]}}],"collection":[{"href":"https:\/\/www.sinoglass.com\/fr\/wp-json\/wp\/v2\/product"}],"about":[{"href":"https:\/\/www.sinoglass.com\/fr\/wp-json\/wp\/v2\/types\/product"}],"replies":[{"embeddable":true,"href":"https:\/\/www.sinoglass.com\/fr\/wp-json\/wp\/v2\/comments?post=3361"}],"wp:featuredmedia":[{"embeddable":true,"href":"https:\/\/www.sinoglass.com\/fr\/wp-json\/wp\/v2\/media\/3368"}],"wp:attachment":[{"href":"https:\/\/www.sinoglass.com\/fr\/wp-json\/wp\/v2\/media?parent=3361"}],"wp:term":[{"taxonomy":"product_brand","embeddable":true,"href":"https:\/\/www.sinoglass.com\/fr\/wp-json\/wp\/v2\/product_brand?post=3361"},{"taxonomy":"product_cat","embeddable":true,"href":"https:\/\/www.sinoglass.com\/fr\/wp-json\/wp\/v2\/product_cat?post=3361"},{"taxonomy":"product_tag","embeddable":true,"href":"https:\/\/www.sinoglass.com\/fr\/wp-json\/wp\/v2\/product_tag?post=3361"}],"curies":[{"name":"WP","href":"https:\/\/api.w.org\/{rel}","templated":true}]}}