{"id":3337,"date":"2024-02-23T17:10:35","date_gmt":"2024-02-23T09:10:35","guid":{"rendered":"http:\/\/www.sinoglass.com\/?post_type=product&#038;p=3337"},"modified":"2025-01-17T09:06:03","modified_gmt":"2025-01-17T01:06:03","slug":"oil-dispenser-with-handle","status":"publish","type":"product","link":"https:\/\/www.sinoglass.com\/fr\/product\/oil-dispenser-with-handle\/","title":{"rendered":"Distributeur d'huile avec poign\u00e9e #79214002"},"content":{"rendered":"<p>L'AUTOPOUR utilise une poign\u00e9e \u00e0 levier intelligente pour ouvrir le couvercle lorsque vous versez. L'huile ou le vinaigre s'\u00e9coule d'un bec anti-goutte \u00e0 goutte. Lorsque vous baissez la bouteille vers le haut, la poign\u00e9e ferme le couvercle, prot\u00e9geant de la salet\u00e9 et des gouttes.<\/p>","protected":false},"excerpt":{"rendered":"<ul>\n<li>Poign\u00e9e ouverte automatique signifie versement pratique.<\/li>\n<li>Le couvercle \u00e0 fermeture automatique \u00e9vite la salet\u00e9.<\/li>\n<li>Non-drip spout gives a clean pour.<\/li>\n<\/ul>","protected":false},"featured_media":3353,"comment_status":"open","ping_status":"closed","template":"","meta":{"_acf_changed":false},"product_brand":[],"product_cat":[69,250],"product_tag":[],"class_list":{"0":"post-3337","1":"product","2":"type-product","3":"status-publish","4":"has-post-thumbnail","6":"product_cat-oil-dispensers","7":"product_cat-oil-vinegar-dispenser","9":"first","10":"instock","11":"shipping-taxable","12":"purchasable","13":"product-type-variable"},"acf":[],"_links":{"self":[{"href":"https:\/\/www.sinoglass.com\/fr\/wp-json\/wp\/v2\/product\/3337","targetHints":{"allow":["GET"]}}],"collection":[{"href":"https:\/\/www.sinoglass.com\/fr\/wp-json\/wp\/v2\/product"}],"about":[{"href":"https:\/\/www.sinoglass.com\/fr\/wp-json\/wp\/v2\/types\/product"}],"replies":[{"embeddable":true,"href":"https:\/\/www.sinoglass.com\/fr\/wp-json\/wp\/v2\/comments?post=3337"}],"wp:featuredmedia":[{"embeddable":true,"href":"https:\/\/www.sinoglass.com\/fr\/wp-json\/wp\/v2\/media\/3353"}],"wp:attachment":[{"href":"https:\/\/www.sinoglass.com\/fr\/wp-json\/wp\/v2\/media?parent=3337"}],"wp:term":[{"taxonomy":"product_brand","embeddable":true,"href":"https:\/\/www.sinoglass.com\/fr\/wp-json\/wp\/v2\/product_brand?post=3337"},{"taxonomy":"product_cat","embeddable":true,"href":"https:\/\/www.sinoglass.com\/fr\/wp-json\/wp\/v2\/product_cat?post=3337"},{"taxonomy":"product_tag","embeddable":true,"href":"https:\/\/www.sinoglass.com\/fr\/wp-json\/wp\/v2\/product_tag?post=3337"}],"curies":[{"name":"WP","href":"https:\/\/api.w.org\/{rel}","templated":true}]}}