{"id":3323,"date":"2024-02-22T13:28:43","date_gmt":"2024-02-22T05:28:43","guid":{"rendered":"http:\/\/www.sinoglass.com\/?post_type=product&#038;p=3323"},"modified":"2025-01-17T09:06:13","modified_gmt":"2025-01-17T01:06:13","slug":"oil-container-for-kitchen","status":"publish","type":"product","link":"https:\/\/www.sinoglass.com\/fr\/product\/oil-container-for-kitchen\/","title":{"rendered":"Conteneur \u00e0 huile pour cuisine #89481001"},"content":{"rendered":"<p>Notre bouteille d'huile est certainement ce dont vous avez besoin: poign\u00e9e confortable, grande ouverture, couvercle \u00e0 poussi\u00e8re \u00e9tanche, presse \u00e0 une main pour ouvrir, versement d'huile rapide et sans goutte \u00e0 goutte. C'est un assistant indispensable pour la cuisson.<\/p>","protected":false},"excerpt":{"rendered":"<ul>\n<li>Le capuchon \u00e0 ressort utilise un bouchon en silicone pour fermer le bec. Le bouchon est \u00e9tanche, et le bec est anti-goutte-\u00e0-goutte.<\/li>\n<li>Boc en verre hygi\u00e9nique avec large ouverture pour un remplissage et un nettoyage faciles.<\/li>\n<li>Poign\u00e9e grande et confortable.<\/li>\n<\/ul>","protected":false},"featured_media":3329,"comment_status":"open","ping_status":"closed","template":"","meta":{"_acf_changed":false},"product_brand":[],"product_cat":[69,250],"product_tag":[],"class_list":{"0":"post-3323","1":"product","2":"type-product","3":"status-publish","4":"has-post-thumbnail","6":"product_cat-oil-dispensers","7":"product_cat-oil-vinegar-dispenser","9":"first","10":"instock","11":"shipping-taxable","12":"purchasable","13":"product-type-variable"},"acf":[],"_links":{"self":[{"href":"https:\/\/www.sinoglass.com\/fr\/wp-json\/wp\/v2\/product\/3323","targetHints":{"allow":["GET"]}}],"collection":[{"href":"https:\/\/www.sinoglass.com\/fr\/wp-json\/wp\/v2\/product"}],"about":[{"href":"https:\/\/www.sinoglass.com\/fr\/wp-json\/wp\/v2\/types\/product"}],"replies":[{"embeddable":true,"href":"https:\/\/www.sinoglass.com\/fr\/wp-json\/wp\/v2\/comments?post=3323"}],"wp:featuredmedia":[{"embeddable":true,"href":"https:\/\/www.sinoglass.com\/fr\/wp-json\/wp\/v2\/media\/3329"}],"wp:attachment":[{"href":"https:\/\/www.sinoglass.com\/fr\/wp-json\/wp\/v2\/media?parent=3323"}],"wp:term":[{"taxonomy":"product_brand","embeddable":true,"href":"https:\/\/www.sinoglass.com\/fr\/wp-json\/wp\/v2\/product_brand?post=3323"},{"taxonomy":"product_cat","embeddable":true,"href":"https:\/\/www.sinoglass.com\/fr\/wp-json\/wp\/v2\/product_cat?post=3323"},{"taxonomy":"product_tag","embeddable":true,"href":"https:\/\/www.sinoglass.com\/fr\/wp-json\/wp\/v2\/product_tag?post=3323"}],"curies":[{"name":"WP","href":"https:\/\/api.w.org\/{rel}","templated":true}]}}