{"id":3253,"date":"2024-02-21T15:21:21","date_gmt":"2024-02-21T07:21:21","guid":{"rendered":"http:\/\/www.sinoglass.com\/?post_type=product&#038;p=3253"},"modified":"2025-01-17T09:06:34","modified_gmt":"2025-01-17T01:06:34","slug":"measuring-olive-oil-pump-dispenser","status":"publish","type":"product","link":"https:\/\/www.sinoglass.com\/fr\/product\/measuring-olive-oil-pump-dispenser\/","title":{"rendered":"Dosseur de pompe \u00e0 huile d'olive de mesure #89592002"},"content":{"rendered":"<p>Vous voulez des mesures pr\u00e9cises lorsque vous pr\u00e9parez des repas d\u00e9licieux, et THE PRESSER mesurera facilement juste assez, pas trop. Appuyez sur le grand haut jusqu'\u00e0 ce que vous ayez ce dont vous avez besoin, puis rel\u00e2chez. Le m\u00e9canisme est facile \u00e0 d\u00e9monter et \u00e0 nettoyer. M\u00eame le bec anti-goutte-\u00e0-goutte est amovible.<\/p>","protected":false},"excerpt":{"rendered":"<ul>\n<li>Appuyez et rel\u00e2chez pour obtenir une quantit\u00e9 mesur\u00e9e avec pr\u00e9cision.<\/li>\n<li>Le bec anti-goutte-\u00e0-goutte maintient votre table propre.<\/li>\n<li>Facilement d\u00e9montable pour un nettoyage approfondi.<\/li>\n<\/ul>","protected":false},"featured_media":3268,"comment_status":"open","ping_status":"closed","template":"","meta":{"_acf_changed":false},"product_brand":[],"product_cat":[69,250],"product_tag":[],"class_list":{"0":"post-3253","1":"product","2":"type-product","3":"status-publish","4":"has-post-thumbnail","6":"product_cat-oil-dispensers","7":"product_cat-oil-vinegar-dispenser","9":"first","10":"instock","11":"shipping-taxable","12":"purchasable","13":"product-type-variable"},"acf":[],"_links":{"self":[{"href":"https:\/\/www.sinoglass.com\/fr\/wp-json\/wp\/v2\/product\/3253","targetHints":{"allow":["GET"]}}],"collection":[{"href":"https:\/\/www.sinoglass.com\/fr\/wp-json\/wp\/v2\/product"}],"about":[{"href":"https:\/\/www.sinoglass.com\/fr\/wp-json\/wp\/v2\/types\/product"}],"replies":[{"embeddable":true,"href":"https:\/\/www.sinoglass.com\/fr\/wp-json\/wp\/v2\/comments?post=3253"}],"wp:featuredmedia":[{"embeddable":true,"href":"https:\/\/www.sinoglass.com\/fr\/wp-json\/wp\/v2\/media\/3268"}],"wp:attachment":[{"href":"https:\/\/www.sinoglass.com\/fr\/wp-json\/wp\/v2\/media?parent=3253"}],"wp:term":[{"taxonomy":"product_brand","embeddable":true,"href":"https:\/\/www.sinoglass.com\/fr\/wp-json\/wp\/v2\/product_brand?post=3253"},{"taxonomy":"product_cat","embeddable":true,"href":"https:\/\/www.sinoglass.com\/fr\/wp-json\/wp\/v2\/product_cat?post=3253"},{"taxonomy":"product_tag","embeddable":true,"href":"https:\/\/www.sinoglass.com\/fr\/wp-json\/wp\/v2\/product_tag?post=3253"}],"curies":[{"name":"WP","href":"https:\/\/api.w.org\/{rel}","templated":true}]}}