{"id":3234,"date":"2024-02-21T14:09:32","date_gmt":"2024-02-21T06:09:32","guid":{"rendered":"http:\/\/www.sinoglass.com\/?post_type=product&#038;p=3234"},"modified":"2025-04-21T13:51:29","modified_gmt":"2025-04-21T05:51:29","slug":"olive-oil-measuring-dispenser","status":"publish","type":"product","link":"https:\/\/www.sinoglass.com\/fr\/product\/olive-oil-measuring-dispenser\/","title":{"rendered":"Distributeur de mesure d'huile d'olive #79276001"},"content":{"rendered":"<p>Notre version am\u00e9lior\u00e9e de la bouteille d'huile de mesure permet non seulement une distribution pr\u00e9cise d'huile, mais dispose \u00e9galement d'une fonction de retour, permettant \u00e0 l'huile non distribu\u00e9e de refouler dans la bouteille. En outre, nous avons am\u00e9lior\u00e9 la zone de pressage pour am\u00e9liorer l'efficacit\u00e9 et la durabilit\u00e9 de la pressage.<\/p>","protected":false},"excerpt":{"rendered":"<ul>\n<li>Appuyez sur le grand bouton en haut et l'exc\u00e8s d'huile rentre dans la bouteille.<\/li>\n<li>La construction unibody de la moiti\u00e9 sup\u00e9rieure signifie que la zone de presse en silicone est s\u00e9curis\u00e9e et permanente.<\/li>\n<li>La conception du bec Aunique donne un excellent d\u00e9bit sans gouttes.<\/li>\n<li>L'extension de tube en silicone vous permet d'obtenir toute l'huile du fond du pot.<\/li>\n<li>Chaque pi\u00e8ce peut \u00eatre facilement d\u00e9mont\u00e9e pour un nettoyage approfondi.<\/li>\n<\/ul>","protected":false},"featured_media":3240,"comment_status":"open","ping_status":"closed","template":"","meta":{"_acf_changed":false},"product_brand":[],"product_cat":[69,250],"product_tag":[],"class_list":{"0":"post-3234","1":"product","2":"type-product","3":"status-publish","4":"has-post-thumbnail","6":"product_cat-oil-dispensers","7":"product_cat-oil-vinegar-dispenser","9":"first","10":"instock","11":"shipping-taxable","12":"purchasable","13":"product-type-variable"},"acf":[],"_links":{"self":[{"href":"https:\/\/www.sinoglass.com\/fr\/wp-json\/wp\/v2\/product\/3234","targetHints":{"allow":["GET"]}}],"collection":[{"href":"https:\/\/www.sinoglass.com\/fr\/wp-json\/wp\/v2\/product"}],"about":[{"href":"https:\/\/www.sinoglass.com\/fr\/wp-json\/wp\/v2\/types\/product"}],"replies":[{"embeddable":true,"href":"https:\/\/www.sinoglass.com\/fr\/wp-json\/wp\/v2\/comments?post=3234"}],"wp:featuredmedia":[{"embeddable":true,"href":"https:\/\/www.sinoglass.com\/fr\/wp-json\/wp\/v2\/media\/3240"}],"wp:attachment":[{"href":"https:\/\/www.sinoglass.com\/fr\/wp-json\/wp\/v2\/media?parent=3234"}],"wp:term":[{"taxonomy":"product_brand","embeddable":true,"href":"https:\/\/www.sinoglass.com\/fr\/wp-json\/wp\/v2\/product_brand?post=3234"},{"taxonomy":"product_cat","embeddable":true,"href":"https:\/\/www.sinoglass.com\/fr\/wp-json\/wp\/v2\/product_cat?post=3234"},{"taxonomy":"product_tag","embeddable":true,"href":"https:\/\/www.sinoglass.com\/fr\/wp-json\/wp\/v2\/product_tag?post=3234"}],"curies":[{"name":"WP","href":"https:\/\/api.w.org\/{rel}","templated":true}]}}