{"id":3214,"date":"2024-02-21T11:16:41","date_gmt":"2024-02-21T03:16:41","guid":{"rendered":"http:\/\/www.sinoglass.com\/?post_type=product&#038;p=3214"},"modified":"2025-01-17T09:06:57","modified_gmt":"2025-01-17T01:06:57","slug":"oil-pump-dispenser-with-measuring","status":"publish","type":"product","link":"https:\/\/www.sinoglass.com\/fr\/product\/oil-pump-dispenser-with-measuring\/","title":{"rendered":"Distributeur de pompe \u00e0 huile avec mesure #8483742"},"content":{"rendered":"<p>Pas besoin d'une tasse de mesure suppl\u00e9mentaire, notre bouteille d'huile est \u00e9quip\u00e9e d'un m\u00e9canisme de mesure qui distribue de l'huile en quantit\u00e9s pr\u00e9cises avec une presse, vous permettant de cuisiner avec pr\u00e9cision et de maintenir une alimentation saine.<\/p>","protected":false},"excerpt":{"rendered":"<ul>\n<li>Pour une cuill\u00e8re \u00e0 caf\u00e9 \u00e0 une cuill\u00e8re \u00e0 soupe, appuyez, mesurez et versez.<\/li>\n<li>Couvrir le trou, appuyer pour mesurer, lib\u00e9rer lorsque vous en avez assez.<\/li>\n<li>Toutes les pi\u00e8ces sont faciles \u00e0 d\u00e9monter et \u00e0 nettoyer.<\/li>\n<li>Bo\u00eetier anti-goutte-\u00e0-goutte.<\/li>\n<\/ul>","protected":false},"featured_media":3220,"comment_status":"open","ping_status":"closed","template":"","meta":{"_acf_changed":false},"product_brand":[],"product_cat":[69,250],"product_tag":[],"class_list":{"0":"post-3214","1":"product","2":"type-product","3":"status-publish","4":"has-post-thumbnail","6":"product_cat-oil-dispensers","7":"product_cat-oil-vinegar-dispenser","9":"first","10":"instock","11":"shipping-taxable","12":"purchasable","13":"product-type-variable"},"acf":[],"_links":{"self":[{"href":"https:\/\/www.sinoglass.com\/fr\/wp-json\/wp\/v2\/product\/3214","targetHints":{"allow":["GET"]}}],"collection":[{"href":"https:\/\/www.sinoglass.com\/fr\/wp-json\/wp\/v2\/product"}],"about":[{"href":"https:\/\/www.sinoglass.com\/fr\/wp-json\/wp\/v2\/types\/product"}],"replies":[{"embeddable":true,"href":"https:\/\/www.sinoglass.com\/fr\/wp-json\/wp\/v2\/comments?post=3214"}],"wp:featuredmedia":[{"embeddable":true,"href":"https:\/\/www.sinoglass.com\/fr\/wp-json\/wp\/v2\/media\/3220"}],"wp:attachment":[{"href":"https:\/\/www.sinoglass.com\/fr\/wp-json\/wp\/v2\/media?parent=3214"}],"wp:term":[{"taxonomy":"product_brand","embeddable":true,"href":"https:\/\/www.sinoglass.com\/fr\/wp-json\/wp\/v2\/product_brand?post=3214"},{"taxonomy":"product_cat","embeddable":true,"href":"https:\/\/www.sinoglass.com\/fr\/wp-json\/wp\/v2\/product_cat?post=3214"},{"taxonomy":"product_tag","embeddable":true,"href":"https:\/\/www.sinoglass.com\/fr\/wp-json\/wp\/v2\/product_tag?post=3214"}],"curies":[{"name":"WP","href":"https:\/\/api.w.org\/{rel}","templated":true}]}}