{"id":3194,"date":"2024-02-21T10:25:04","date_gmt":"2024-02-21T02:25:04","guid":{"rendered":"http:\/\/www.sinoglass.com\/?post_type=product&#038;p=3194"},"modified":"2025-04-21T13:51:20","modified_gmt":"2025-04-21T05:51:20","slug":"automatic-oil-dispenser","status":"publish","type":"product","link":"https:\/\/www.sinoglass.com\/fr\/product\/automatic-oil-dispenser\/","title":{"rendered":"Distributeur d'huile automatique #79321001"},"content":{"rendered":"<p>\u00c9t\u00e9, d\u00e9contract\u00e9 et amusant. Nous aimons une journ\u00e9e facile, et l'\u00e9t\u00e9 est une bouteille facile et \u00e9l\u00e9gante, un conteneur robuste pour l'huile de qualit\u00e9. Ajoutez de nouvelles saveurs en infusant vos herbes pr\u00e9f\u00e9r\u00e9es. Un couvercle de gravit\u00e9 signifie que vous ramassez et versez. Le bec en silicone anti-goutte-\u00e0-goutte appara\u00eet pour le nettoyage, et 500ml \/ 17oz. est la taille parfaite pour utiliser pendant la cuisson, ajouter aux salades ou aux p\u00e2tes tout autour de la table, votre choix. Profitez d'un \u00e9t\u00e9 frais et confortable!<\/p>","protected":false},"excerpt":{"rendered":"<p>\u2022 Distributeur d'huile en verre compact.<br \/>\n\u2022 Le couvercle de gravit\u00e9 s\u2019ouvre automatiquement.<br \/>\n\u2022 Un bec de silicone anti-goutte-\u00e0-goutte appara\u00eet pour le nettoyage.<br \/>\n\u2022 500ml\/17oz. capacit\u00e9.<\/p>","protected":false},"featured_media":3199,"comment_status":"open","ping_status":"closed","template":"","meta":{"_acf_changed":false},"product_brand":[],"product_cat":[69,250],"product_tag":[],"class_list":{"0":"post-3194","1":"product","2":"type-product","3":"status-publish","4":"has-post-thumbnail","6":"product_cat-oil-dispensers","7":"product_cat-oil-vinegar-dispenser","9":"first","10":"instock","11":"shipping-taxable","12":"purchasable","13":"product-type-variable"},"acf":[],"_links":{"self":[{"href":"https:\/\/www.sinoglass.com\/fr\/wp-json\/wp\/v2\/product\/3194","targetHints":{"allow":["GET"]}}],"collection":[{"href":"https:\/\/www.sinoglass.com\/fr\/wp-json\/wp\/v2\/product"}],"about":[{"href":"https:\/\/www.sinoglass.com\/fr\/wp-json\/wp\/v2\/types\/product"}],"replies":[{"embeddable":true,"href":"https:\/\/www.sinoglass.com\/fr\/wp-json\/wp\/v2\/comments?post=3194"}],"wp:featuredmedia":[{"embeddable":true,"href":"https:\/\/www.sinoglass.com\/fr\/wp-json\/wp\/v2\/media\/3199"}],"wp:attachment":[{"href":"https:\/\/www.sinoglass.com\/fr\/wp-json\/wp\/v2\/media?parent=3194"}],"wp:term":[{"taxonomy":"product_brand","embeddable":true,"href":"https:\/\/www.sinoglass.com\/fr\/wp-json\/wp\/v2\/product_brand?post=3194"},{"taxonomy":"product_cat","embeddable":true,"href":"https:\/\/www.sinoglass.com\/fr\/wp-json\/wp\/v2\/product_cat?post=3194"},{"taxonomy":"product_tag","embeddable":true,"href":"https:\/\/www.sinoglass.com\/fr\/wp-json\/wp\/v2\/product_tag?post=3194"}],"curies":[{"name":"WP","href":"https:\/\/api.w.org\/{rel}","templated":true}]}}