{"id":291,"date":"2023-12-19T14:09:24","date_gmt":"2023-12-19T06:09:24","guid":{"rendered":"http:\/\/www.sinoglass.com\/?post_type=product&#038;p=291"},"modified":"2025-04-21T13:51:02","modified_gmt":"2025-04-21T05:51:02","slug":"auto-flip-olive-oil-dispenser-bottle","status":"publish","type":"product","link":"https:\/\/www.sinoglass.com\/fr\/product\/auto-flip-olive-oil-dispenser-bottle\/","title":{"rendered":"Bouteille de distributeur d'huile d'olive \u00e0 retour automatique #8966100101"},"content":{"rendered":"<p>La bouteille \u00e0 gravit\u00e9 TIP IT offre un style propre et une facilit\u00e9 d'utilisation. Il suffit de basculer la bouteille en forme pour ouvrir le couvercle, verser de l'huile ou du vinaigre \u00e0 travers le bec en silicone anti-goutte \u00e0 goutte, puis de la retourner pour se fermer. Si vous aimez aromatiser l'huile avec des herbes, le filtre int\u00e9gr\u00e9 garde ces ingr\u00e9dients dans la bouteille. Le plastique noir avec une bande en acier inoxydable s'adapte \u00e0 tout d\u00e9cor.<\/p>","protected":false},"excerpt":{"rendered":"<ul>\n<li>Ouvrir et fermer par gravit\u00e9<\/li>\n<li>Filtre int\u00e9gr\u00e9 pour perfusion d'huile<\/li>\n<li>Forme de bouteille facile \u00e0 gripper<\/li>\n<li>Boit sans goutte-\u00e0-goutte<\/li>\n<\/ul>","protected":false},"featured_media":2677,"comment_status":"open","ping_status":"closed","template":"","meta":{"_acf_changed":false},"product_brand":[],"product_cat":[69,107,250],"product_tag":[],"class_list":{"0":"post-291","1":"product","2":"type-product","3":"status-publish","4":"has-post-thumbnail","6":"product_cat-oil-dispensers","7":"product_cat-oil-infuser-bottles","8":"product_cat-oil-vinegar-dispenser","10":"first","11":"instock","12":"shipping-taxable","13":"purchasable","14":"product-type-variable"},"acf":[],"_links":{"self":[{"href":"https:\/\/www.sinoglass.com\/fr\/wp-json\/wp\/v2\/product\/291","targetHints":{"allow":["GET"]}}],"collection":[{"href":"https:\/\/www.sinoglass.com\/fr\/wp-json\/wp\/v2\/product"}],"about":[{"href":"https:\/\/www.sinoglass.com\/fr\/wp-json\/wp\/v2\/types\/product"}],"replies":[{"embeddable":true,"href":"https:\/\/www.sinoglass.com\/fr\/wp-json\/wp\/v2\/comments?post=291"}],"wp:featuredmedia":[{"embeddable":true,"href":"https:\/\/www.sinoglass.com\/fr\/wp-json\/wp\/v2\/media\/2677"}],"wp:attachment":[{"href":"https:\/\/www.sinoglass.com\/fr\/wp-json\/wp\/v2\/media?parent=291"}],"wp:term":[{"taxonomy":"product_brand","embeddable":true,"href":"https:\/\/www.sinoglass.com\/fr\/wp-json\/wp\/v2\/product_brand?post=291"},{"taxonomy":"product_cat","embeddable":true,"href":"https:\/\/www.sinoglass.com\/fr\/wp-json\/wp\/v2\/product_cat?post=291"},{"taxonomy":"product_tag","embeddable":true,"href":"https:\/\/www.sinoglass.com\/fr\/wp-json\/wp\/v2\/product_tag?post=291"}],"curies":[{"name":"WP","href":"https:\/\/api.w.org\/{rel}","templated":true}]}}