{"id":2796,"date":"2024-02-18T15:40:36","date_gmt":"2024-02-18T07:40:36","guid":{"rendered":"http:\/\/www.sinoglass.com\/?post_type=product&#038;p=2796"},"modified":"2025-01-17T09:07:30","modified_gmt":"2025-01-17T01:07:30","slug":"olive-oil-infuser-bottle","status":"publish","type":"product","link":"https:\/\/www.sinoglass.com\/fr\/product\/olive-oil-infuser-bottle\/","title":{"rendered":"Bouteille d'infusion d'huile d'olive #89652001"},"content":{"rendered":"<p>Notre bouteille d'infusion d'herbes filtre les herbes \u00e0 travers un maillage de qualit\u00e9 alimentaire, d\u00e9versant des ar\u00f4mes. Le tout nouveau capuchon en silicone est non seulement durable mais aussi facile \u00e0 nettoyer. Un capuchon d'un doigt vous permet de l'ouvrir ou de la fermer facilement, ce qui le rend pratique pour votre cuisine. La forme \u00e9l\u00e9gante de la bouteille en fait la meilleure bouteille d'huile et de vinaigre pour votre cuisine.<\/p>","protected":false},"excerpt":{"rendered":"<ul>\n<li>\u00a02 en 1 conception, \u00eatre distributeur d'huile ou fabricant d'huile \u00e0 herbes.<\/li>\n<li>Ajouter des herbes, des \u00e9pices et de l'huile \u00e0 la bouteille de verre de borosilicate.<\/li>\n<li>Filtre en plastique de qualit\u00e9 alimentaire attach\u00e9.<\/li>\n<li>Boit anti-goutte-\u00e0-goutte pour verser sans d\u00e9sordre.<\/li>\n<li>Couverture en silicone souple et pliable<\/li>\n<li>Capuchon \u00e0 un doigt<\/li>\n<\/ul>","protected":false},"featured_media":3193,"comment_status":"open","ping_status":"closed","template":"","meta":{"_acf_changed":false},"product_brand":[],"product_cat":[69,107,250],"product_tag":[],"class_list":{"0":"post-2796","1":"product","2":"type-product","3":"status-publish","4":"has-post-thumbnail","6":"product_cat-oil-dispensers","7":"product_cat-oil-infuser-bottles","8":"product_cat-oil-vinegar-dispenser","10":"first","11":"instock","12":"shipping-taxable","13":"purchasable","14":"product-type-variable"},"acf":[],"_links":{"self":[{"href":"https:\/\/www.sinoglass.com\/fr\/wp-json\/wp\/v2\/product\/2796","targetHints":{"allow":["GET"]}}],"collection":[{"href":"https:\/\/www.sinoglass.com\/fr\/wp-json\/wp\/v2\/product"}],"about":[{"href":"https:\/\/www.sinoglass.com\/fr\/wp-json\/wp\/v2\/types\/product"}],"replies":[{"embeddable":true,"href":"https:\/\/www.sinoglass.com\/fr\/wp-json\/wp\/v2\/comments?post=2796"}],"wp:featuredmedia":[{"embeddable":true,"href":"https:\/\/www.sinoglass.com\/fr\/wp-json\/wp\/v2\/media\/3193"}],"wp:attachment":[{"href":"https:\/\/www.sinoglass.com\/fr\/wp-json\/wp\/v2\/media?parent=2796"}],"wp:term":[{"taxonomy":"product_brand","embeddable":true,"href":"https:\/\/www.sinoglass.com\/fr\/wp-json\/wp\/v2\/product_brand?post=2796"},{"taxonomy":"product_cat","embeddable":true,"href":"https:\/\/www.sinoglass.com\/fr\/wp-json\/wp\/v2\/product_cat?post=2796"},{"taxonomy":"product_tag","embeddable":true,"href":"https:\/\/www.sinoglass.com\/fr\/wp-json\/wp\/v2\/product_tag?post=2796"}],"curies":[{"name":"WP","href":"https:\/\/api.w.org\/{rel}","templated":true}]}}