{"id":10223,"date":"2026-04-21T11:32:10","date_gmt":"2026-04-21T03:32:10","guid":{"rendered":"https:\/\/www.sinoglass.com\/?post_type=product&#038;p=10223"},"modified":"2026-04-21T11:37:43","modified_gmt":"2026-04-21T03:37:43","slug":"spice-jar-and-spoon","status":"publish","type":"product","link":"https:\/\/www.sinoglass.com\/fr\/product\/spice-jar-and-spoon\/","title":{"rendered":"Boc d'\u00e9pices et cuill\u00e8re &#8211; Pas de plastique #8735200201"},"content":{"rendered":"<p>Votre \u00e9pice pr\u00e9f\u00e9r\u00e9e et un but durable se r\u00e9unissent dans SPICY. Ce pot en verre borosilicate et en bois d'acacia comprend une cuill\u00e8re \u00e0 portionner en bois et un engagement de simplicit\u00e9. faisant partie de l'ECO. LIFE Series, SPICY fait une d\u00e9claration solide et sert une saveur d\u00e9licieuse de votre choix.<\/p>","protected":false},"excerpt":{"rendered":"<ul>\n<li>Borosilicate verre et bois serving pot.<\/li>\n<li>Cuill\u00e8re en bois incluse.<\/li>\n<li>faisant partie de l'ECO. S\u00e9rie LIFE.<\/li>\n<\/ul>","protected":false},"featured_media":10230,"comment_status":"open","ping_status":"closed","template":"","meta":{"_acf_changed":false},"product_brand":[],"product_cat":[80,108,70],"product_tag":[],"class_list":{"0":"post-10223","1":"product","2":"type-product","3":"status-publish","4":"has-post-thumbnail","6":"product_cat-new-products","7":"product_cat-spice-jars","8":"product_cat-spice-racks","10":"first","11":"instock","12":"shipping-taxable","13":"purchasable","14":"product-type-variable"},"acf":[],"_links":{"self":[{"href":"https:\/\/www.sinoglass.com\/fr\/wp-json\/wp\/v2\/product\/10223","targetHints":{"allow":["GET"]}}],"collection":[{"href":"https:\/\/www.sinoglass.com\/fr\/wp-json\/wp\/v2\/product"}],"about":[{"href":"https:\/\/www.sinoglass.com\/fr\/wp-json\/wp\/v2\/types\/product"}],"replies":[{"embeddable":true,"href":"https:\/\/www.sinoglass.com\/fr\/wp-json\/wp\/v2\/comments?post=10223"}],"wp:featuredmedia":[{"embeddable":true,"href":"https:\/\/www.sinoglass.com\/fr\/wp-json\/wp\/v2\/media\/10230"}],"wp:attachment":[{"href":"https:\/\/www.sinoglass.com\/fr\/wp-json\/wp\/v2\/media?parent=10223"}],"wp:term":[{"taxonomy":"product_brand","embeddable":true,"href":"https:\/\/www.sinoglass.com\/fr\/wp-json\/wp\/v2\/product_brand?post=10223"},{"taxonomy":"product_cat","embeddable":true,"href":"https:\/\/www.sinoglass.com\/fr\/wp-json\/wp\/v2\/product_cat?post=10223"},{"taxonomy":"product_tag","embeddable":true,"href":"https:\/\/www.sinoglass.com\/fr\/wp-json\/wp\/v2\/product_tag?post=10223"}],"curies":[{"name":"WP","href":"https:\/\/api.w.org\/{rel}","templated":true}]}}