{"id":10217,"date":"2026-04-21T11:18:52","date_gmt":"2026-04-21T03:18:52","guid":{"rendered":"https:\/\/www.sinoglass.com\/?post_type=product&#038;p=10217"},"modified":"2026-04-21T11:30:47","modified_gmt":"2026-04-21T03:30:47","slug":"honey-jar","status":"publish","type":"product","link":"https:\/\/www.sinoglass.com\/fr\/product\/honey-jar\/","title":{"rendered":"Boc de miel et serveur &#8211; Pas de plastique #8736200201"},"content":{"rendered":"<p>Le miel a \u00e0 la fois de la douceur et des bienfaits pour la sant\u00e9, alors pourquoi ne pas le servir comme alternative au sucre? Le pot de service en borosilicate SWEETNESS avec un couvercle en acacia et bambou fait une d\u00e9claration sur votre table. faisant partie de l'ECO. S\u00e9rie LIFE, ses \u00e9l\u00e9ments simples refl\u00e8tent l\u2019origine naturelle du miel. La saveur douce associ\u00e9e \u00e0 un but durable signifie une meilleure exp\u00e9rience pour tout le monde.<\/p>","protected":false},"excerpt":{"rendered":"<ul>\n<li>Borosilicate verre et bois serving pot.<\/li>\n<li>Serveur en bois inclus.<\/li>\n<li>faisant partie de l'ECO. S\u00e9rie LIFE.<\/li>\n<\/ul>","protected":false},"featured_media":10220,"comment_status":"open","ping_status":"closed","template":"","meta":{"_acf_changed":false},"product_brand":[279],"product_cat":[80,70,111],"product_tag":[],"class_list":{"0":"post-10217","1":"product","2":"type-product","3":"status-publish","4":"has-post-thumbnail","6":"product_brand-sinoglass","7":"product_cat-new-products","8":"product_cat-spice-racks","9":"product_cat-sugar-jars","11":"first","12":"instock","13":"shipping-taxable","14":"purchasable","15":"product-type-variable"},"acf":[],"_links":{"self":[{"href":"https:\/\/www.sinoglass.com\/fr\/wp-json\/wp\/v2\/product\/10217","targetHints":{"allow":["GET"]}}],"collection":[{"href":"https:\/\/www.sinoglass.com\/fr\/wp-json\/wp\/v2\/product"}],"about":[{"href":"https:\/\/www.sinoglass.com\/fr\/wp-json\/wp\/v2\/types\/product"}],"replies":[{"embeddable":true,"href":"https:\/\/www.sinoglass.com\/fr\/wp-json\/wp\/v2\/comments?post=10217"}],"wp:featuredmedia":[{"embeddable":true,"href":"https:\/\/www.sinoglass.com\/fr\/wp-json\/wp\/v2\/media\/10220"}],"wp:attachment":[{"href":"https:\/\/www.sinoglass.com\/fr\/wp-json\/wp\/v2\/media?parent=10217"}],"wp:term":[{"taxonomy":"product_brand","embeddable":true,"href":"https:\/\/www.sinoglass.com\/fr\/wp-json\/wp\/v2\/product_brand?post=10217"},{"taxonomy":"product_cat","embeddable":true,"href":"https:\/\/www.sinoglass.com\/fr\/wp-json\/wp\/v2\/product_cat?post=10217"},{"taxonomy":"product_tag","embeddable":true,"href":"https:\/\/www.sinoglass.com\/fr\/wp-json\/wp\/v2\/product_tag?post=10217"}],"curies":[{"name":"WP","href":"https:\/\/api.w.org\/{rel}","templated":true}]}}