{"id":10204,"date":"2026-04-21T10:57:37","date_gmt":"2026-04-21T02:57:37","guid":{"rendered":"https:\/\/www.sinoglass.com\/?post_type=product&#038;p=10204"},"modified":"2026-04-21T11:16:30","modified_gmt":"2026-04-21T03:16:30","slug":"plastic-oil-spray-jar","status":"publish","type":"product","link":"https:\/\/www.sinoglass.com\/fr\/product\/plastic-oil-spray-jar\/","title":{"rendered":"Boc de pulv\u00e9risation d'huile en plastique &#8211; Magn\u00e9tique #80692000"},"content":{"rendered":"<div>\n<p style=\"text-align: center;\">Un mister d'huile est id\u00e9al pour une distribution constante. Et MAGNETO SPRAY est parfait pour un acc\u00e8s rapide et pratique. Prenez-le sur une surface m\u00e9tallique et pulv\u00e9risez-le si n\u00e9cessaire. Bien s\u00fbr, vous pouvez utiliser une brosse, mais ensuite vous devez la laver. \u00c0 la place, MAGNETO SPRAY donne une couverture uniforme en appuyant sur un bouton. Rapide et propre.<\/p>\n<\/div>\n<p class=\"text-end\">","protected":false},"excerpt":{"rendered":"<ul>\n<li>Corps en plastique durable.<\/li>\n<li>Distribution d'huile constante.<\/li>\n<li>Bande suspendue magn\u00e9tique.<\/li>\n<\/ul>","protected":false},"featured_media":10209,"comment_status":"open","ping_status":"closed","template":"","meta":{"_acf_changed":false},"product_brand":[279],"product_cat":[80,99],"product_tag":[],"class_list":{"0":"post-10204","1":"product","2":"type-product","3":"status-publish","4":"has-post-thumbnail","6":"product_brand-sinoglass","7":"product_cat-new-products","8":"product_cat-oil-sprayers","10":"first","11":"instock","12":"shipping-taxable","13":"purchasable","14":"product-type-variable"},"acf":[],"_links":{"self":[{"href":"https:\/\/www.sinoglass.com\/fr\/wp-json\/wp\/v2\/product\/10204","targetHints":{"allow":["GET"]}}],"collection":[{"href":"https:\/\/www.sinoglass.com\/fr\/wp-json\/wp\/v2\/product"}],"about":[{"href":"https:\/\/www.sinoglass.com\/fr\/wp-json\/wp\/v2\/types\/product"}],"replies":[{"embeddable":true,"href":"https:\/\/www.sinoglass.com\/fr\/wp-json\/wp\/v2\/comments?post=10204"}],"wp:featuredmedia":[{"embeddable":true,"href":"https:\/\/www.sinoglass.com\/fr\/wp-json\/wp\/v2\/media\/10209"}],"wp:attachment":[{"href":"https:\/\/www.sinoglass.com\/fr\/wp-json\/wp\/v2\/media?parent=10204"}],"wp:term":[{"taxonomy":"product_brand","embeddable":true,"href":"https:\/\/www.sinoglass.com\/fr\/wp-json\/wp\/v2\/product_brand?post=10204"},{"taxonomy":"product_cat","embeddable":true,"href":"https:\/\/www.sinoglass.com\/fr\/wp-json\/wp\/v2\/product_cat?post=10204"},{"taxonomy":"product_tag","embeddable":true,"href":"https:\/\/www.sinoglass.com\/fr\/wp-json\/wp\/v2\/product_tag?post=10204"}],"curies":[{"name":"WP","href":"https:\/\/api.w.org\/{rel}","templated":true}]}}