{"id":10192,"date":"2026-04-21T10:35:27","date_gmt":"2026-04-21T02:35:27","guid":{"rendered":"https:\/\/www.sinoglass.com\/?post_type=product&#038;p=10192"},"modified":"2026-04-21T10:54:43","modified_gmt":"2026-04-21T02:54:43","slug":"plastic-sugar-shaker","status":"publish","type":"product","link":"https:\/\/www.sinoglass.com\/fr\/product\/plastic-sugar-shaker\/","title":{"rendered":"Shaker de sucre en plastique &#8211; Distribution de poudre #80682000"},"content":{"rendered":"<p>Un saupoudrement de farine ou de sucre en poudre est souvent une solution parfaite, mais cela peut \u00eatre d\u00e9sordonn\u00e9. Pas plus. Il suffit de prendre le MAGNETO DUSTER de votre choix de surfaces m\u00e9talliques et aspersionner l\u00e0 o\u00f9 vous en avez besoin. s facile \u00e0 \u00e9paissir une soupe, pr\u00e9parer des viandes pour la friture, \u00e9dulcir un dessert ou tout ce qui n\u00e9cessite juste assez mais pas trop.  You&#8217; Vous aurez toujours la farine et le sucre en poudre l\u00e0 o\u00f9 vous en avez besoin.<\/p>","protected":false},"excerpt":{"rendered":"<ul>\n<li>Corps en plastique durable.<\/li>\n<li>Parfait pour la poudre fine.<\/li>\n<li>Bande suspendue magn\u00e9tique.<\/li>\n<\/ul>","protected":false},"featured_media":10203,"comment_status":"open","ping_status":"closed","template":"","meta":{"_acf_changed":false},"product_brand":[],"product_cat":[80,70,111],"product_tag":[],"class_list":{"0":"post-10192","1":"product","2":"type-product","3":"status-publish","4":"has-post-thumbnail","6":"product_cat-new-products","7":"product_cat-spice-racks","8":"product_cat-sugar-jars","10":"first","11":"instock","12":"shipping-taxable","13":"purchasable","14":"product-type-variable"},"acf":[],"_links":{"self":[{"href":"https:\/\/www.sinoglass.com\/fr\/wp-json\/wp\/v2\/product\/10192","targetHints":{"allow":["GET"]}}],"collection":[{"href":"https:\/\/www.sinoglass.com\/fr\/wp-json\/wp\/v2\/product"}],"about":[{"href":"https:\/\/www.sinoglass.com\/fr\/wp-json\/wp\/v2\/types\/product"}],"replies":[{"embeddable":true,"href":"https:\/\/www.sinoglass.com\/fr\/wp-json\/wp\/v2\/comments?post=10192"}],"wp:featuredmedia":[{"embeddable":true,"href":"https:\/\/www.sinoglass.com\/fr\/wp-json\/wp\/v2\/media\/10203"}],"wp:attachment":[{"href":"https:\/\/www.sinoglass.com\/fr\/wp-json\/wp\/v2\/media?parent=10192"}],"wp:term":[{"taxonomy":"product_brand","embeddable":true,"href":"https:\/\/www.sinoglass.com\/fr\/wp-json\/wp\/v2\/product_brand?post=10192"},{"taxonomy":"product_cat","embeddable":true,"href":"https:\/\/www.sinoglass.com\/fr\/wp-json\/wp\/v2\/product_cat?post=10192"},{"taxonomy":"product_tag","embeddable":true,"href":"https:\/\/www.sinoglass.com\/fr\/wp-json\/wp\/v2\/product_tag?post=10192"}],"curies":[{"name":"WP","href":"https:\/\/api.w.org\/{rel}","templated":true}]}}