{"id":10114,"date":"2026-04-16T15:00:13","date_gmt":"2026-04-16T07:00:13","guid":{"rendered":"https:\/\/www.sinoglass.com\/?post_type=product&#038;p=10114"},"modified":"2026-04-16T15:06:59","modified_gmt":"2026-04-16T07:06:59","slug":"sealed-water-pitcher","status":"publish","type":"product","link":"https:\/\/www.sinoglass.com\/fr\/product\/sealed-water-pitcher\/","title":{"rendered":"Pitcher d'eau scell\u00e9 avec infusion #66442002"},"content":{"rendered":"<p>HOME REFRESH fait son travail et le fait bien. Cela signifie que votre t\u00e2che est plus facile. La grande capacit\u00e9 fournit beaucoup de votre boisson pr\u00e9f\u00e9r\u00e9e pour toute la famille. Poussez l'onglet arri\u00e8re vers le haut et le double couvercle scell\u00e9 s'ouvre pour un versement rapide. Poussez l'onglet et votre bac est \u00e0 l'abri des fuites. Le remplissage est aussi facile. Vous ne&#8217; t besoin de d\u00e9visser le couvercle, il suffit de tourner le haut dans le sens antihoraire et il r\u00e9v\u00e8le la large ouverture pour le remplissage. Si vous avez install\u00e9 le filtre de perfusion inclus, il sort en un flash. Ce lanceur travaille dur pour que vous ne&#8217; T doit le faire.<\/p>","protected":false},"excerpt":{"rendered":"<ul>\n<li>Verre robuste, pitcher de grande capacit\u00e9.<\/li>\n<li>M\u00e9canisme de double \u00e9tanch\u00e9it\u00e9 pour \u00e9liminer les fuites.<\/li>\n<li>Top facile \u00e0 enlever pour le remplissage.<\/li>\n<li>Filtre de perfusion inclus.<\/li>\n<li>Pitcher peut se coucher plat pour servir facilement.<\/li>\n<\/ul>","protected":false},"featured_media":10126,"comment_status":"open","ping_status":"closed","template":"","meta":{"_acf_changed":false},"product_brand":[279],"product_cat":[72,119,80],"product_tag":[],"class_list":{"0":"post-10114","1":"product","2":"type-product","3":"status-publish","4":"has-post-thumbnail","6":"product_brand-sinoglass","7":"product_cat-carafe-pitcher","8":"product_cat-glass-water-jug","9":"product_cat-new-products","11":"first","12":"instock","13":"shipping-taxable","14":"purchasable","15":"product-type-variable"},"acf":[],"_links":{"self":[{"href":"https:\/\/www.sinoglass.com\/fr\/wp-json\/wp\/v2\/product\/10114","targetHints":{"allow":["GET"]}}],"collection":[{"href":"https:\/\/www.sinoglass.com\/fr\/wp-json\/wp\/v2\/product"}],"about":[{"href":"https:\/\/www.sinoglass.com\/fr\/wp-json\/wp\/v2\/types\/product"}],"replies":[{"embeddable":true,"href":"https:\/\/www.sinoglass.com\/fr\/wp-json\/wp\/v2\/comments?post=10114"}],"wp:featuredmedia":[{"embeddable":true,"href":"https:\/\/www.sinoglass.com\/fr\/wp-json\/wp\/v2\/media\/10126"}],"wp:attachment":[{"href":"https:\/\/www.sinoglass.com\/fr\/wp-json\/wp\/v2\/media?parent=10114"}],"wp:term":[{"taxonomy":"product_brand","embeddable":true,"href":"https:\/\/www.sinoglass.com\/fr\/wp-json\/wp\/v2\/product_brand?post=10114"},{"taxonomy":"product_cat","embeddable":true,"href":"https:\/\/www.sinoglass.com\/fr\/wp-json\/wp\/v2\/product_cat?post=10114"},{"taxonomy":"product_tag","embeddable":true,"href":"https:\/\/www.sinoglass.com\/fr\/wp-json\/wp\/v2\/product_tag?post=10114"}],"curies":[{"name":"WP","href":"https:\/\/api.w.org\/{rel}","templated":true}]}}