{"id":9481,"date":"2025-12-30T14:41:20","date_gmt":"2025-12-30T06:41:20","guid":{"rendered":"https:\/\/www.sinoglass.com\/thanks\/"},"modified":"2025-12-30T14:41:20","modified_gmt":"2025-12-30T06:41:20","slug":"thanks","status":"publish","type":"page","link":"https:\/\/www.sinoglass.com\/fr\/thanks\/","title":{"rendered":"Merci \u00e0 vous"},"content":{"rendered":"<div class=\"thanks-page\" style=\"text-align:center; max-width:760px; margin:0 auto; padding:80px 20px;\">\n<h1>Merci !<\/h1>\n<p>Votre formulaire a \u00e9t\u00e9 soumis avec succ\u00e8s.<\/p>\n<p style=\"margin-top:40px;\">\n        <a href=\"\/fr\/\" class=\"thanks-btn\" >Accueil<\/a>\n    <\/p>\n<\/div>","protected":false},"excerpt":{"rendered":"<p>Merci ! Votre formulaire a \u00e9t\u00e9 soumis avec succ\u00e8s. Accueil<\/p>","protected":false},"author":2,"featured_media":0,"parent":0,"menu_order":0,"comment_status":"closed","ping_status":"closed","template":"elementor_header_footer","meta":{"_acf_changed":false,"footnotes":""},"class_list":["post-9481","page","type-page","status-publish","hentry"],"acf":[],"_links":{"self":[{"href":"https:\/\/www.sinoglass.com\/fr\/wp-json\/wp\/v2\/pages\/9481","targetHints":{"allow":["GET"]}}],"collection":[{"href":"https:\/\/www.sinoglass.com\/fr\/wp-json\/wp\/v2\/pages"}],"about":[{"href":"https:\/\/www.sinoglass.com\/fr\/wp-json\/wp\/v2\/types\/page"}],"author":[{"embeddable":true,"href":"https:\/\/www.sinoglass.com\/fr\/wp-json\/wp\/v2\/users\/2"}],"replies":[{"embeddable":true,"href":"https:\/\/www.sinoglass.com\/fr\/wp-json\/wp\/v2\/comments?post=9481"}],"version-history":[{"count":0,"href":"https:\/\/www.sinoglass.com\/fr\/wp-json\/wp\/v2\/pages\/9481\/revisions"}],"wp:attachment":[{"href":"https:\/\/www.sinoglass.com\/fr\/wp-json\/wp\/v2\/media?parent=9481"}],"curies":[{"name":"WP","href":"https:\/\/api.w.org\/{rel}","templated":true}]}}