{"id":9657,"date":"2026-02-10T14:16:51","date_gmt":"2026-02-10T06:16:51","guid":{"rendered":"https:\/\/www.sinoglass.com\/?post_type=product&#038;p=9657"},"modified":"2026-04-16T15:32:49","modified_gmt":"2026-04-16T07:32:49","slug":"gym-water-bottle-with-handle","status":"publish","type":"product","link":"https:\/\/www.sinoglass.com\/de\/product\/gym-water-bottle-with-handle\/","title":{"rendered":"GYM Wasserflasche mit Griff und Schloss Deckel #66308001"},"content":{"rendered":"<p>Wenn die Aktivit\u00e4t hoch ist, ist es wichtig, Ihre Hydration zu verfolgen. Der CLEARLOK MEASURED SPORT listet das Volumen auf der Flasche auf und sagt Ihnen sofort, wie viel Sie&#8217; Sie konsumieren. Schieben Sie die Registerkarte, um zu entriegeln, dr\u00fccken Sie die Taste, um den CLEARLOK-Deckel zu \u00f6ffnen und trinken Sie, was Ihr K\u00f6rper braucht. Schieben Sie das Schloss f\u00fcr Ruhe und halten Sie es mit dem Klappgriff an Ihrer Seite. Mit dem MEASURED SPORT k\u00f6nnen Sie&#8217; Du wei\u00dft immer, wo du bist und wie du dich verbessern kannst.<\/p>","protected":false},"excerpt":{"rendered":"<ul style=\"list-style-type: disc;\">\n<li>Neues Design PCTG Sportflasche.<\/li>\n<li>Druckknopfbedingter Deckel.<\/li>\n<li>Volumenmessungen an der Flasche.<\/li>\n<\/ul>","protected":false},"featured_media":9662,"comment_status":"open","ping_status":"closed","template":"","meta":{"_acf_changed":false},"product_brand":[],"product_cat":[74,92],"product_tag":[],"class_list":{"0":"post-9657","1":"product","2":"type-product","3":"status-publish","4":"has-post-thumbnail","6":"product_cat-tritan-plastic-bottle","7":"product_cat-water-bottles","9":"first","10":"instock","11":"shipping-taxable","12":"purchasable","13":"product-type-variable"},"acf":[],"_links":{"self":[{"href":"https:\/\/www.sinoglass.com\/de\/wp-json\/wp\/v2\/product\/9657","targetHints":{"allow":["GET"]}}],"collection":[{"href":"https:\/\/www.sinoglass.com\/de\/wp-json\/wp\/v2\/product"}],"about":[{"href":"https:\/\/www.sinoglass.com\/de\/wp-json\/wp\/v2\/types\/product"}],"replies":[{"embeddable":true,"href":"https:\/\/www.sinoglass.com\/de\/wp-json\/wp\/v2\/comments?post=9657"}],"wp:featuredmedia":[{"embeddable":true,"href":"https:\/\/www.sinoglass.com\/de\/wp-json\/wp\/v2\/media\/9662"}],"wp:attachment":[{"href":"https:\/\/www.sinoglass.com\/de\/wp-json\/wp\/v2\/media?parent=9657"}],"wp:term":[{"taxonomy":"product_brand","embeddable":true,"href":"https:\/\/www.sinoglass.com\/de\/wp-json\/wp\/v2\/product_brand?post=9657"},{"taxonomy":"product_cat","embeddable":true,"href":"https:\/\/www.sinoglass.com\/de\/wp-json\/wp\/v2\/product_cat?post=9657"},{"taxonomy":"product_tag","embeddable":true,"href":"https:\/\/www.sinoglass.com\/de\/wp-json\/wp\/v2\/product_tag?post=9657"}],"curies":[{"name":"WP","href":"https:\/\/api.w.org\/{rel}","templated":true}]}}