{"id":9562,"date":"2026-01-27T15:39:43","date_gmt":"2026-01-27T07:39:43","guid":{"rendered":"https:\/\/www.sinoglass.com\/?post_type=product&#038;p=9562"},"modified":"2026-04-16T15:33:15","modified_gmt":"2026-04-16T07:33:15","slug":"double-wall-stainless-steel-drink-bottle","status":"publish","type":"product","link":"https:\/\/www.sinoglass.com\/de\/product\/double-wall-stainless-steel-drink-bottle\/","title":{"rendered":"Doppelwand Edelstahl Trinkflasche &#8211; CLEARLOK LID #66298001"},"content":{"rendered":"<p>F\u00fcr den ganzt\u00e4gigen Genuss Ihrer hei\u00dfen oder kalten Getr\u00e4nke ist die CLEARLOK TAPERED Thermoflasche bequem, einfach zu tragen und schnell zu bedienen. Dr\u00fccken Sie den Knopf auf den neuen CLEARLOK-Deckel und die transparente Kappe \u00f6ffnet sich vollst\u00e4ndig f\u00fcr einen Drink. Wenn Sie es schlie\u00dfen, schieben Sie den bequemen Sperrknopf, greifen Sie den Klappgriff, und Sie&#8217; Re gut zu gehen.<\/p>","protected":false},"excerpt":{"rendered":"<ul style=\"list-style-type: disc;\">\n<li>Neues Design S\/S Thermoflasche.<\/li>\n<li>Druckknopfbedingter Deckel.<\/li>\n<li>Perfekt f\u00fcr warme oder kalte Getr\u00e4nke.<\/li>\n<\/ul>","protected":false},"featured_media":9568,"comment_status":"open","ping_status":"closed","template":"","meta":{"_acf_changed":false},"product_brand":[],"product_cat":[73,92],"product_tag":[],"class_list":{"0":"post-9562","1":"product","2":"type-product","3":"status-publish","4":"has-post-thumbnail","6":"product_cat-insulated-bottle","7":"product_cat-water-bottles","9":"first","10":"instock","11":"shipping-taxable","12":"purchasable","13":"product-type-variable"},"acf":[],"_links":{"self":[{"href":"https:\/\/www.sinoglass.com\/de\/wp-json\/wp\/v2\/product\/9562","targetHints":{"allow":["GET"]}}],"collection":[{"href":"https:\/\/www.sinoglass.com\/de\/wp-json\/wp\/v2\/product"}],"about":[{"href":"https:\/\/www.sinoglass.com\/de\/wp-json\/wp\/v2\/types\/product"}],"replies":[{"embeddable":true,"href":"https:\/\/www.sinoglass.com\/de\/wp-json\/wp\/v2\/comments?post=9562"}],"wp:featuredmedia":[{"embeddable":true,"href":"https:\/\/www.sinoglass.com\/de\/wp-json\/wp\/v2\/media\/9568"}],"wp:attachment":[{"href":"https:\/\/www.sinoglass.com\/de\/wp-json\/wp\/v2\/media?parent=9562"}],"wp:term":[{"taxonomy":"product_brand","embeddable":true,"href":"https:\/\/www.sinoglass.com\/de\/wp-json\/wp\/v2\/product_brand?post=9562"},{"taxonomy":"product_cat","embeddable":true,"href":"https:\/\/www.sinoglass.com\/de\/wp-json\/wp\/v2\/product_cat?post=9562"},{"taxonomy":"product_tag","embeddable":true,"href":"https:\/\/www.sinoglass.com\/de\/wp-json\/wp\/v2\/product_tag?post=9562"}],"curies":[{"name":"WP","href":"https:\/\/api.w.org\/{rel}","templated":true}]}}