{"id":9551,"date":"2026-01-27T15:23:01","date_gmt":"2026-01-27T07:23:01","guid":{"rendered":"https:\/\/www.sinoglass.com\/?post_type=product&#038;p=9551"},"modified":"2026-04-16T15:38:32","modified_gmt":"2026-04-16T07:38:32","slug":"triple-compartment-storage","status":"publish","type":"product","link":"https:\/\/www.sinoglass.com\/de\/product\/triple-compartment-storage\/","title":{"rendered":"Dreifachslager &#8211; Feuchtigkeitsbest\u00e4ndig #79521003"},"content":{"rendered":"<p>Halten Sie Ihre drei am h\u00e4ufigsten verwendeten Gew\u00fcrze an einem Ort, versiegelt und sicher, mit TRI-SPICE. Dr\u00fccken Sie einen Knopf und die Deckelfedern \u00f6ffnen sich um 250\u00b0 f\u00fcr einen einfachen Zugang. Verwenden Sie die mitgelieferten L\u00f6ffel, um das zu nehmen, was Sie brauchen, schlie\u00dfen Sie dann den Deckel und sperren Sie ihn auf einen 360\u00b0 dicken Silikonring. Lagern Sie noch mehr, indem Sie mehrere Beh\u00e4lter zusammen stapeln. Sparen Sie Platz und speichern Sie Ihre Gew\u00fcrze im robusten und bequemen TRI-SPICE.<\/p>","protected":false},"excerpt":{"rendered":"<ul>\n<li>Ein Beh\u00e4lter, drei Gew\u00fcrze.<\/li>\n<li>Einfach \u00f6ffnen und schlie\u00dfen.<\/li>\n<li>360? Silikon Dichtung.<\/li>\n<li>Drei kleine L\u00f6ffel enthalten.<\/li>\n<\/ul>","protected":false},"featured_media":9560,"comment_status":"open","ping_status":"closed","template":"","meta":{"_acf_changed":false},"product_brand":[],"product_cat":[108,70],"product_tag":[],"class_list":{"0":"post-9551","1":"product","2":"type-product","3":"status-publish","4":"has-post-thumbnail","6":"product_cat-spice-jars","7":"product_cat-spice-racks","9":"first","10":"instock","11":"shipping-taxable","12":"purchasable","13":"product-type-variable"},"acf":[],"_links":{"self":[{"href":"https:\/\/www.sinoglass.com\/de\/wp-json\/wp\/v2\/product\/9551","targetHints":{"allow":["GET"]}}],"collection":[{"href":"https:\/\/www.sinoglass.com\/de\/wp-json\/wp\/v2\/product"}],"about":[{"href":"https:\/\/www.sinoglass.com\/de\/wp-json\/wp\/v2\/types\/product"}],"replies":[{"embeddable":true,"href":"https:\/\/www.sinoglass.com\/de\/wp-json\/wp\/v2\/comments?post=9551"}],"wp:featuredmedia":[{"embeddable":true,"href":"https:\/\/www.sinoglass.com\/de\/wp-json\/wp\/v2\/media\/9560"}],"wp:attachment":[{"href":"https:\/\/www.sinoglass.com\/de\/wp-json\/wp\/v2\/media?parent=9551"}],"wp:term":[{"taxonomy":"product_brand","embeddable":true,"href":"https:\/\/www.sinoglass.com\/de\/wp-json\/wp\/v2\/product_brand?post=9551"},{"taxonomy":"product_cat","embeddable":true,"href":"https:\/\/www.sinoglass.com\/de\/wp-json\/wp\/v2\/product_cat?post=9551"},{"taxonomy":"product_tag","embeddable":true,"href":"https:\/\/www.sinoglass.com\/de\/wp-json\/wp\/v2\/product_tag?post=9551"}],"curies":[{"name":"WP","href":"https:\/\/api.w.org\/{rel}","templated":true}]}}