{"id":9203,"date":"2025-10-21T17:11:59","date_gmt":"2025-10-21T09:11:59","guid":{"rendered":"https:\/\/www.sinoglass.com\/?post_type=product&#038;p=9203"},"modified":"2026-04-16T15:37:05","modified_gmt":"2026-04-16T07:37:05","slug":"dual-drink-stainless-steel-tumbler","status":"publish","type":"product","link":"https:\/\/www.sinoglass.com\/de\/product\/dual-drink-stainless-steel-tumbler\/","title":{"rendered":"SAVOR IT Doppelgetr\u00e4nke Edelstahl Tumbler #61968001"},"content":{"rendered":"<p>Durch einen Strohhalm schlucken oder durch einen Auslauf trinken? SAVOR IT bietet Ihnen die Optionen, damit Sie die Wahl treffen k\u00f6nnen. \u00d6ffnen Sie die Mittelscheibe f\u00fcr einen Schluck aus dem integrierten Stroh \u2013 ob in Ruhe oder auf<br \/>\ndie Bewegung, du&#8217; Bereit zum Hydrieren. Oder stoppen, genie\u00dfen Sie die Landschaft und \u00f6ffnen Sie den Auslauf f\u00fcr einen langen Drink. Thermischer Edelstahl h\u00e4lt Ihr Getr\u00e4nk auf der richtigen Temperatur, damit Sie die<br \/>\nMoment. Der gro\u00dfe, komfortable Griff und die breite Palette an Farben lassen Sie auch den Stil genie\u00dfen.<\/p>","protected":false},"excerpt":{"rendered":"<ul style=\"list-style-type: disc;\">\n<li>Dual-Option f\u00fcr ein Getr\u00e4nk oder einen Schluck.<\/li>\n<li>Thermischer Edelstahl.<\/li>\n<li>Integriertes und abnehmbares Stroh.<\/li>\n<li>Geschirrsp\u00fcler sicher.<\/li>\n<li>Breite Palette an attraktiven Farben.<\/li>\n<\/ul>","protected":false},"featured_media":9211,"comment_status":"open","ping_status":"closed","template":"","meta":{"_acf_changed":false},"product_brand":[],"product_cat":[128,76,75],"product_tag":[],"class_list":{"0":"post-9203","1":"product","2":"type-product","3":"status-publish","4":"has-post-thumbnail","6":"product_cat-insulated-mug","7":"product_cat-kids","8":"product_cat-tumblers-mugs","10":"first","11":"instock","12":"shipping-taxable","13":"purchasable","14":"product-type-variable"},"acf":[],"_links":{"self":[{"href":"https:\/\/www.sinoglass.com\/de\/wp-json\/wp\/v2\/product\/9203","targetHints":{"allow":["GET"]}}],"collection":[{"href":"https:\/\/www.sinoglass.com\/de\/wp-json\/wp\/v2\/product"}],"about":[{"href":"https:\/\/www.sinoglass.com\/de\/wp-json\/wp\/v2\/types\/product"}],"replies":[{"embeddable":true,"href":"https:\/\/www.sinoglass.com\/de\/wp-json\/wp\/v2\/comments?post=9203"}],"wp:featuredmedia":[{"embeddable":true,"href":"https:\/\/www.sinoglass.com\/de\/wp-json\/wp\/v2\/media\/9211"}],"wp:attachment":[{"href":"https:\/\/www.sinoglass.com\/de\/wp-json\/wp\/v2\/media?parent=9203"}],"wp:term":[{"taxonomy":"product_brand","embeddable":true,"href":"https:\/\/www.sinoglass.com\/de\/wp-json\/wp\/v2\/product_brand?post=9203"},{"taxonomy":"product_cat","embeddable":true,"href":"https:\/\/www.sinoglass.com\/de\/wp-json\/wp\/v2\/product_cat?post=9203"},{"taxonomy":"product_tag","embeddable":true,"href":"https:\/\/www.sinoglass.com\/de\/wp-json\/wp\/v2\/product_tag?post=9203"}],"curies":[{"name":"WP","href":"https:\/\/api.w.org\/{rel}","templated":true}]}}