{"id":9153,"date":"2025-10-16T17:06:16","date_gmt":"2025-10-16T09:06:16","guid":{"rendered":"https:\/\/www.sinoglass.com\/?post_type=product&#038;p=9153"},"modified":"2026-04-16T15:33:27","modified_gmt":"2026-04-16T07:33:27","slug":"glass-and-bamboo-bottle","status":"publish","type":"product","link":"https:\/\/www.sinoglass.com\/de\/product\/glass-and-bamboo-bottle\/","title":{"rendered":"ROSELLA Glas- und Bambusflasche #61928001"},"content":{"rendered":"<p>ROSELLA ist ein attraktiver Ausdruck von Einfachheit, Hygiene und Umweltfreundlichkeit. Hergestellt aus Borosilikatglas, Bambus und Edelstahl in einer sch\u00fctzenden und dekorativen Tuch Tragetasche, f\u00fcgen wir ein zartes Muster zum Glas f\u00fcr einen Hauch von floraler Sch\u00f6nheit. Edelstahl im Inneren des nat\u00fcrlichen Bambusdeckels sch\u00fctzt Ihr Getr\u00e4nk vor der Ber\u00fchrung von Plastik. Drei praktische Gr\u00f6\u00dfen sind verf\u00fcgbar.<\/p>","protected":false},"excerpt":{"rendered":"<ul>\n<li>Umweltfreundliches Borosilikatglas.<\/li>\n<li>Nat\u00fcrlicher Bambusdeckel aus Edelstahl.<\/li>\n<li>Attraktives Blumenmuster auf der Flasche gedruckt.<\/li>\n<li>Sch\u00fctzende und dekorative Tragetasche mit Griff.<\/li>\n<\/ul>","protected":false},"featured_media":9157,"comment_status":"open","ping_status":"closed","template":"","meta":{"_acf_changed":false},"product_brand":[],"product_cat":[218,90,92],"product_tag":[],"class_list":{"0":"post-9153","1":"product","2":"type-product","3":"status-publish","4":"has-post-thumbnail","6":"product_cat-eco-friendly","7":"product_cat-glass-bottle","8":"product_cat-water-bottles","10":"first","11":"instock","12":"shipping-taxable","13":"purchasable","14":"product-type-variable"},"acf":[],"_links":{"self":[{"href":"https:\/\/www.sinoglass.com\/de\/wp-json\/wp\/v2\/product\/9153","targetHints":{"allow":["GET"]}}],"collection":[{"href":"https:\/\/www.sinoglass.com\/de\/wp-json\/wp\/v2\/product"}],"about":[{"href":"https:\/\/www.sinoglass.com\/de\/wp-json\/wp\/v2\/types\/product"}],"replies":[{"embeddable":true,"href":"https:\/\/www.sinoglass.com\/de\/wp-json\/wp\/v2\/comments?post=9153"}],"wp:featuredmedia":[{"embeddable":true,"href":"https:\/\/www.sinoglass.com\/de\/wp-json\/wp\/v2\/media\/9157"}],"wp:attachment":[{"href":"https:\/\/www.sinoglass.com\/de\/wp-json\/wp\/v2\/media?parent=9153"}],"wp:term":[{"taxonomy":"product_brand","embeddable":true,"href":"https:\/\/www.sinoglass.com\/de\/wp-json\/wp\/v2\/product_brand?post=9153"},{"taxonomy":"product_cat","embeddable":true,"href":"https:\/\/www.sinoglass.com\/de\/wp-json\/wp\/v2\/product_cat?post=9153"},{"taxonomy":"product_tag","embeddable":true,"href":"https:\/\/www.sinoglass.com\/de\/wp-json\/wp\/v2\/product_tag?post=9153"}],"curies":[{"name":"WP","href":"https:\/\/api.w.org\/{rel}","templated":true}]}}