{"id":9139,"date":"2025-10-16T16:48:18","date_gmt":"2025-10-16T08:48:18","guid":{"rendered":"https:\/\/www.sinoglass.com\/?post_type=product&#038;p=9139"},"modified":"2026-04-16T15:32:43","modified_gmt":"2026-04-16T07:32:43","slug":"thermal-bottle-with-dual-lid","status":"publish","type":"product","link":"https:\/\/www.sinoglass.com\/de\/product\/thermal-bottle-with-dual-lid\/","title":{"rendered":"Slimline Thermalflasche mit Doppeldeckel #69114003"},"content":{"rendered":"<p>Der DUAL-Deckel des HIKER S\/S verf\u00fcgt \u00fcber zwei Getr\u00e4nkeoptionen, die perfekt sind, um sich in Bewegung zu halten oder sich auszuruhen. Dr\u00fccken Sie den Knopf, der Deckel \u00f6ffnet sich und der mittlere Auslauf steigt, um beide Optionen zu l\u00f6sen - Wandern und Schlucken von der Mitte aus, oder sich ausruhen und von der Seite in den Edelstahlbecher gie\u00dfen. Das Schlie\u00dfen des Deckels dr\u00fcckt den Auslauf ab und dichtet beide \u00d6ffnungen ab.<\/p>","protected":false},"excerpt":{"rendered":"<ul style=\"list-style-type: disc;\">\n<li>Knopfaktivierter Deckel \u00f6ffnet beide Getr\u00e4nkeoptionen.<\/li>\n<li>Schnappen Sie aus einem Pop-up-Auslauf oder gie\u00dfen Sie von der Seite.<\/li>\n<li>Schlie\u00dfen Sie den Deckel, um beide Trinkm\u00f6glichkeiten zu versiegeln.<\/li>\n<\/ul>","protected":false},"featured_media":9147,"comment_status":"open","ping_status":"closed","template":"","meta":{"_acf_changed":false},"product_brand":[],"product_cat":[73,92],"product_tag":[],"class_list":{"0":"post-9139","1":"product","2":"type-product","3":"status-publish","4":"has-post-thumbnail","6":"product_cat-insulated-bottle","7":"product_cat-water-bottles","9":"first","10":"instock","11":"shipping-taxable","12":"purchasable","13":"product-type-variable"},"acf":[],"_links":{"self":[{"href":"https:\/\/www.sinoglass.com\/de\/wp-json\/wp\/v2\/product\/9139","targetHints":{"allow":["GET"]}}],"collection":[{"href":"https:\/\/www.sinoglass.com\/de\/wp-json\/wp\/v2\/product"}],"about":[{"href":"https:\/\/www.sinoglass.com\/de\/wp-json\/wp\/v2\/types\/product"}],"replies":[{"embeddable":true,"href":"https:\/\/www.sinoglass.com\/de\/wp-json\/wp\/v2\/comments?post=9139"}],"wp:featuredmedia":[{"embeddable":true,"href":"https:\/\/www.sinoglass.com\/de\/wp-json\/wp\/v2\/media\/9147"}],"wp:attachment":[{"href":"https:\/\/www.sinoglass.com\/de\/wp-json\/wp\/v2\/media?parent=9139"}],"wp:term":[{"taxonomy":"product_brand","embeddable":true,"href":"https:\/\/www.sinoglass.com\/de\/wp-json\/wp\/v2\/product_brand?post=9139"},{"taxonomy":"product_cat","embeddable":true,"href":"https:\/\/www.sinoglass.com\/de\/wp-json\/wp\/v2\/product_cat?post=9139"},{"taxonomy":"product_tag","embeddable":true,"href":"https:\/\/www.sinoglass.com\/de\/wp-json\/wp\/v2\/product_tag?post=9139"}],"curies":[{"name":"WP","href":"https:\/\/api.w.org\/{rel}","templated":true}]}}