{"id":9119,"date":"2025-10-16T16:33:13","date_gmt":"2025-10-16T08:33:13","guid":{"rendered":"https:\/\/www.sinoglass.com\/?post_type=product&#038;p=9119"},"modified":"2026-04-16T15:36:49","modified_gmt":"2026-04-16T07:36:49","slug":"borosilicate-glass-oil-dispenser-bottle","status":"publish","type":"product","link":"https:\/\/www.sinoglass.com\/de\/product\/borosilicate-glass-oil-dispenser-bottle\/","title":{"rendered":"Borosilikat Glas \u00d6l Spender Flasche S \/ S Auslauf #8775A002"},"content":{"rendered":"<div>\n<p>Die elegante Textur unseres Borosilikats WHEAT VIEW wird gesehen, nicht gef\u00fchlt. Die Au\u00dfenfl\u00e4che ist glatt und einfach zu handhaben, aber das Innere ist unser WHEATFIELD-Design, das eine subtile und attraktive Aussicht bietet, um Ihre G\u00e4ste zu gefallen und Ihren Tisch zu schm\u00fccken. Erh\u00e4ltlich in drei Gr\u00f6\u00dfen, ist die WHEAT VIEW mit unserem ber\u00fchmten Edelstahlauslauf JUST POUR \u00fcberzogen.<\/p>\n<\/div>\n<p class=\"text-end\">","protected":false},"excerpt":{"rendered":"<ul>\n<li>O\/V-Flaschen aus Borosilikatglas.<\/li>\n<li>Texturiert auf der Innenseite, glatt auf der Au\u00dfenseite.<\/li>\n<li>Edelstahl JUST POUR Auslauf.<\/li>\n<li>Erh\u00e4ltlich in drei Gr\u00f6\u00dfen.<\/li>\n<\/ul>","protected":false},"featured_media":9124,"comment_status":"open","ping_status":"closed","template":"","meta":{"_acf_changed":false},"product_brand":[],"product_cat":[69,250],"product_tag":[],"class_list":{"0":"post-9119","1":"product","2":"type-product","3":"status-publish","4":"has-post-thumbnail","6":"product_cat-oil-dispensers","7":"product_cat-oil-vinegar-dispenser","9":"first","10":"instock","11":"shipping-taxable","12":"purchasable","13":"product-type-variable"},"acf":[],"_links":{"self":[{"href":"https:\/\/www.sinoglass.com\/de\/wp-json\/wp\/v2\/product\/9119","targetHints":{"allow":["GET"]}}],"collection":[{"href":"https:\/\/www.sinoglass.com\/de\/wp-json\/wp\/v2\/product"}],"about":[{"href":"https:\/\/www.sinoglass.com\/de\/wp-json\/wp\/v2\/types\/product"}],"replies":[{"embeddable":true,"href":"https:\/\/www.sinoglass.com\/de\/wp-json\/wp\/v2\/comments?post=9119"}],"wp:featuredmedia":[{"embeddable":true,"href":"https:\/\/www.sinoglass.com\/de\/wp-json\/wp\/v2\/media\/9124"}],"wp:attachment":[{"href":"https:\/\/www.sinoglass.com\/de\/wp-json\/wp\/v2\/media?parent=9119"}],"wp:term":[{"taxonomy":"product_brand","embeddable":true,"href":"https:\/\/www.sinoglass.com\/de\/wp-json\/wp\/v2\/product_brand?post=9119"},{"taxonomy":"product_cat","embeddable":true,"href":"https:\/\/www.sinoglass.com\/de\/wp-json\/wp\/v2\/product_cat?post=9119"},{"taxonomy":"product_tag","embeddable":true,"href":"https:\/\/www.sinoglass.com\/de\/wp-json\/wp\/v2\/product_tag?post=9119"}],"curies":[{"name":"WP","href":"https:\/\/api.w.org\/{rel}","templated":true}]}}