{"id":9112,"date":"2025-10-16T16:24:02","date_gmt":"2025-10-16T08:24:02","guid":{"rendered":"https:\/\/www.sinoglass.com\/?post_type=product&#038;p=9112"},"modified":"2026-04-16T15:36:24","modified_gmt":"2026-04-16T07:36:24","slug":"borosilicate-glass-storage","status":"publish","type":"product","link":"https:\/\/www.sinoglass.com\/de\/product\/borosilicate-glass-storage\/","title":{"rendered":"Borosilikatglas Lagerung Vergr\u00f6\u00dferte Ansicht #9951A000"},"content":{"rendered":"<p>Borosilikatglaslagerung ist klar und robust, und jetzt k\u00f6nnen Sie Ihre gelagerten Lebensmittel auch von oben sehen. CLOSE UP ist ideal f\u00fcr ein Regal, aber auch f\u00fcr eine Schublade. Sie k\u00f6nnen durch den Lupendeckel deutlich in das Glas sehen. Edelstahl-Beschichtung f\u00fcgt Stil, und eine Silikon-Dichtung f\u00fcgt Feuchtigkeitsschutz.<\/p>","protected":false},"excerpt":{"rendered":"<ul>\n<li>Sehen Sie die Zutaten von der Seite oder von oben.<\/li>\n<li>Big Eye Lupe bietet einen klaren Blick.<\/li>\n<li>Vier stapelbare Gr\u00f6\u00dfen.<\/li>\n<\/ul>","protected":false},"featured_media":9114,"comment_status":"open","ping_status":"closed","template":"","meta":{"_acf_changed":false},"product_brand":[],"product_cat":[100,68],"product_tag":[],"class_list":{"0":"post-9112","1":"product","2":"type-product","3":"status-publish","4":"has-post-thumbnail","6":"product_cat-glass-storage-jar","7":"product_cat-storage-jars","9":"first","10":"instock","11":"shipping-taxable","12":"purchasable","13":"product-type-variable"},"acf":[],"_links":{"self":[{"href":"https:\/\/www.sinoglass.com\/de\/wp-json\/wp\/v2\/product\/9112","targetHints":{"allow":["GET"]}}],"collection":[{"href":"https:\/\/www.sinoglass.com\/de\/wp-json\/wp\/v2\/product"}],"about":[{"href":"https:\/\/www.sinoglass.com\/de\/wp-json\/wp\/v2\/types\/product"}],"replies":[{"embeddable":true,"href":"https:\/\/www.sinoglass.com\/de\/wp-json\/wp\/v2\/comments?post=9112"}],"wp:featuredmedia":[{"embeddable":true,"href":"https:\/\/www.sinoglass.com\/de\/wp-json\/wp\/v2\/media\/9114"}],"wp:attachment":[{"href":"https:\/\/www.sinoglass.com\/de\/wp-json\/wp\/v2\/media?parent=9112"}],"wp:term":[{"taxonomy":"product_brand","embeddable":true,"href":"https:\/\/www.sinoglass.com\/de\/wp-json\/wp\/v2\/product_brand?post=9112"},{"taxonomy":"product_cat","embeddable":true,"href":"https:\/\/www.sinoglass.com\/de\/wp-json\/wp\/v2\/product_cat?post=9112"},{"taxonomy":"product_tag","embeddable":true,"href":"https:\/\/www.sinoglass.com\/de\/wp-json\/wp\/v2\/product_tag?post=9112"}],"curies":[{"name":"WP","href":"https:\/\/api.w.org\/{rel}","templated":true}]}}