{"id":9102,"date":"2025-10-16T16:14:35","date_gmt":"2025-10-16T08:14:35","guid":{"rendered":"https:\/\/www.sinoglass.com\/?post_type=product&#038;p=9102"},"modified":"2026-04-16T15:37:42","modified_gmt":"2026-04-16T07:37:42","slug":"portable-food-storage","status":"publish","type":"product","link":"https:\/\/www.sinoglass.com\/de\/product\/portable-food-storage\/","title":{"rendered":"Tragbare Lebensmittelaufbewahrung mit klappbarem S \/ S-L\u00f6ffel #6613400201"},"content":{"rendered":"<p>Wenn das Abendessen so gut ist, dass Sie es zum Mittagessen am n\u00e4chsten Tag wollen, ist DISHED das, was Sie brauchen. Die Mikrowellengef\u00e4\u00dfe mit einem robusten Deckel und weicher Silikonbasis sind genau richtig f\u00fcr Reste oder jedes Essen geeignet. \u00dcberreste, Joghurt, Haferflocken, Obst \u2013 dieser kompakte tragbare Aufbewahrungsraum ist ideal f\u00fcr das B\u00fcro, ein Picknick, auf einer Reise, nennen Sie es. Der Edelstahll\u00f6ffel verleiht noch mehr Komfort (immer den Deckel und den L\u00f6ffel entfernen, bevor Sie DISHED in die Mikrowelle legen).<\/p>","protected":false},"excerpt":{"rendered":"<ul>\n<li>Glas und Silikon tragbare Lebensmittelaufbewahrung.<\/li>\n<li>Sicherer Deckel, Edelstahll\u00f6ffel enthalten.<\/li>\n<li>F\u00fcr warme oder kalte Gerichte.<\/li>\n<\/ul>","protected":false},"featured_media":9108,"comment_status":"open","ping_status":"closed","template":"","meta":{"_acf_changed":false},"product_brand":[],"product_cat":[103,68],"product_tag":[],"class_list":{"0":"post-9102","1":"product","2":"type-product","3":"status-publish","4":"has-post-thumbnail","6":"product_cat-lunch-box","7":"product_cat-storage-jars","9":"first","10":"instock","11":"shipping-taxable","12":"purchasable","13":"product-type-variable"},"acf":[],"_links":{"self":[{"href":"https:\/\/www.sinoglass.com\/de\/wp-json\/wp\/v2\/product\/9102","targetHints":{"allow":["GET"]}}],"collection":[{"href":"https:\/\/www.sinoglass.com\/de\/wp-json\/wp\/v2\/product"}],"about":[{"href":"https:\/\/www.sinoglass.com\/de\/wp-json\/wp\/v2\/types\/product"}],"replies":[{"embeddable":true,"href":"https:\/\/www.sinoglass.com\/de\/wp-json\/wp\/v2\/comments?post=9102"}],"wp:featuredmedia":[{"embeddable":true,"href":"https:\/\/www.sinoglass.com\/de\/wp-json\/wp\/v2\/media\/9108"}],"wp:attachment":[{"href":"https:\/\/www.sinoglass.com\/de\/wp-json\/wp\/v2\/media?parent=9102"}],"wp:term":[{"taxonomy":"product_brand","embeddable":true,"href":"https:\/\/www.sinoglass.com\/de\/wp-json\/wp\/v2\/product_brand?post=9102"},{"taxonomy":"product_cat","embeddable":true,"href":"https:\/\/www.sinoglass.com\/de\/wp-json\/wp\/v2\/product_cat?post=9102"},{"taxonomy":"product_tag","embeddable":true,"href":"https:\/\/www.sinoglass.com\/de\/wp-json\/wp\/v2\/product_tag?post=9102"}],"curies":[{"name":"WP","href":"https:\/\/api.w.org\/{rel}","templated":true}]}}