{"id":9083,"date":"2025-10-16T15:48:48","date_gmt":"2025-10-16T07:48:48","guid":{"rendered":"https:\/\/www.sinoglass.com\/?post_type=product&#038;p=9083"},"modified":"2025-10-16T15:57:46","modified_gmt":"2025-10-16T07:57:46","slug":"magnetic-spice-storage-with-spoon","status":"publish","type":"product","link":"https:\/\/www.sinoglass.com\/de\/product\/magnetic-spice-storage-with-spoon\/","title":{"rendered":"Magnetische Gew\u00fcrzspeicher mit L\u00f6ffel #7955200201"},"content":{"rendered":"<p>Wenn der Z\u00e4hlerplatz begrenzt ist, k\u00f6nnte MAGNA SPICE die Antwort sein. Jede Metalloberfl\u00e4che, die einen Magneten halten kann, kann ein Speicherbereich f\u00fcr Ihr Lieblingsgew\u00fcrz sein. Der leicht ge\u00f6ffnete Deckel schlie\u00dft sich an eine weiche Silikondichtung, die Frische h\u00e4lt. Verwenden Sie den mitgelieferten 5 ml-L\u00f6ffel, um zu sch\u00f6pfen, was Sie brauchen.<\/p>","protected":false},"excerpt":{"rendered":"<ul>\n<li>Einfacher Zugang feuchtigkeitsdichte Lagerung.<\/li>\n<li>Gro\u00dfer magnetischer Raum zum Aufh\u00e4ngen auf einer Metalloberfl\u00e4che.<\/li>\n<li>5 ml L\u00f6ffel enthalten.<\/li>\n<\/ul>","protected":false},"featured_media":9092,"comment_status":"open","ping_status":"closed","template":"","meta":{"_acf_changed":false},"product_brand":[],"product_cat":[108,70],"product_tag":[],"class_list":{"0":"post-9083","1":"product","2":"type-product","3":"status-publish","4":"has-post-thumbnail","6":"product_cat-spice-jars","7":"product_cat-spice-racks","9":"first","10":"instock","11":"shipping-taxable","12":"purchasable","13":"product-type-variable"},"acf":[],"_links":{"self":[{"href":"https:\/\/www.sinoglass.com\/de\/wp-json\/wp\/v2\/product\/9083","targetHints":{"allow":["GET"]}}],"collection":[{"href":"https:\/\/www.sinoglass.com\/de\/wp-json\/wp\/v2\/product"}],"about":[{"href":"https:\/\/www.sinoglass.com\/de\/wp-json\/wp\/v2\/types\/product"}],"replies":[{"embeddable":true,"href":"https:\/\/www.sinoglass.com\/de\/wp-json\/wp\/v2\/comments?post=9083"}],"wp:featuredmedia":[{"embeddable":true,"href":"https:\/\/www.sinoglass.com\/de\/wp-json\/wp\/v2\/media\/9092"}],"wp:attachment":[{"href":"https:\/\/www.sinoglass.com\/de\/wp-json\/wp\/v2\/media?parent=9083"}],"wp:term":[{"taxonomy":"product_brand","embeddable":true,"href":"https:\/\/www.sinoglass.com\/de\/wp-json\/wp\/v2\/product_brand?post=9083"},{"taxonomy":"product_cat","embeddable":true,"href":"https:\/\/www.sinoglass.com\/de\/wp-json\/wp\/v2\/product_cat?post=9083"},{"taxonomy":"product_tag","embeddable":true,"href":"https:\/\/www.sinoglass.com\/de\/wp-json\/wp\/v2\/product_tag?post=9083"}],"curies":[{"name":"WP","href":"https:\/\/api.w.org\/{rel}","templated":true}]}}