{"id":9065,"date":"2025-10-16T15:25:49","date_gmt":"2025-10-16T07:25:49","guid":{"rendered":"https:\/\/www.sinoglass.com\/?post_type=product&#038;p=9065"},"modified":"2026-04-16T15:38:01","modified_gmt":"2026-04-16T07:38:01","slug":"stainless-steel-water-tumbler","status":"publish","type":"product","link":"https:\/\/www.sinoglass.com\/de\/product\/stainless-steel-water-tumbler\/","title":{"rendered":"DONUT Edelstahl Wasserbecher #66148003"},"content":{"rendered":"<p>Twist, trink.  It&#8217; s einfach, schnell und elegant. Ein genialer Mechanismus verleiht mit einer sicheren Dichtung einen minimalistischen Look. Ein Viertel Drehung enth\u00fcllt den gro\u00dfz\u00fcgigen Auslauf, und eine schnelle Umdrehung schlie\u00dft und versiegelt ihn sicher. Nehmen Sie es in Ihre Lieblings-Konditorei und genie\u00dfen Sie eine perfekte Kombination, Donuts mit Kaffee aus dem DONUT 1. Wenn Sie&#8217; wieder getan, es&#8217; s einfach zu demontieren und zu reinigen f\u00fcr Ihr n\u00e4chstes leckeres Abenteuer<\/p>","protected":false},"excerpt":{"rendered":"<ul style=\"list-style-type: disc;\">\n<li>Eine Drehung zu \u00f6ffnen und zu trinken.<\/li>\n<li>Sicherer Dichtmechanismus.<\/li>\n<li>Edelstahl zur thermischen Retention.<\/li>\n<li>Perfekt f\u00fcr warme oder kalte Getr\u00e4nke.<\/li>\n<li>Tragband kann hinzugef\u00fcgt werden.<\/li>\n<\/ul>","protected":false},"featured_media":9068,"comment_status":"open","ping_status":"closed","template":"","meta":{"_acf_changed":false},"product_brand":[],"product_cat":[73,92],"product_tag":[],"class_list":{"0":"post-9065","1":"product","2":"type-product","3":"status-publish","4":"has-post-thumbnail","6":"product_cat-insulated-bottle","7":"product_cat-water-bottles","9":"first","10":"instock","11":"shipping-taxable","12":"purchasable","13":"product-type-variable"},"acf":[],"_links":{"self":[{"href":"https:\/\/www.sinoglass.com\/de\/wp-json\/wp\/v2\/product\/9065","targetHints":{"allow":["GET"]}}],"collection":[{"href":"https:\/\/www.sinoglass.com\/de\/wp-json\/wp\/v2\/product"}],"about":[{"href":"https:\/\/www.sinoglass.com\/de\/wp-json\/wp\/v2\/types\/product"}],"replies":[{"embeddable":true,"href":"https:\/\/www.sinoglass.com\/de\/wp-json\/wp\/v2\/comments?post=9065"}],"wp:featuredmedia":[{"embeddable":true,"href":"https:\/\/www.sinoglass.com\/de\/wp-json\/wp\/v2\/media\/9068"}],"wp:attachment":[{"href":"https:\/\/www.sinoglass.com\/de\/wp-json\/wp\/v2\/media?parent=9065"}],"wp:term":[{"taxonomy":"product_brand","embeddable":true,"href":"https:\/\/www.sinoglass.com\/de\/wp-json\/wp\/v2\/product_brand?post=9065"},{"taxonomy":"product_cat","embeddable":true,"href":"https:\/\/www.sinoglass.com\/de\/wp-json\/wp\/v2\/product_cat?post=9065"},{"taxonomy":"product_tag","embeddable":true,"href":"https:\/\/www.sinoglass.com\/de\/wp-json\/wp\/v2\/product_tag?post=9065"}],"curies":[{"name":"WP","href":"https:\/\/api.w.org\/{rel}","templated":true}]}}