{"id":9047,"date":"2025-10-16T14:23:06","date_gmt":"2025-10-16T06:23:06","guid":{"rendered":"https:\/\/www.sinoglass.com\/?post_type=product&#038;p=9047"},"modified":"2026-04-16T15:36:44","modified_gmt":"2026-04-16T07:36:44","slug":"drip-free-oil-vinegar-dispenser","status":"publish","type":"product","link":"https:\/\/www.sinoglass.com\/de\/product\/drip-free-oil-vinegar-dispenser\/","title":{"rendered":"Tropffreier \u00d6l-\/Essigdispenser &#8211; Doppelscharnierdeckel #8653200201"},"content":{"rendered":"<div>\n<p>Einfach und schnell \u2013 das&#8217; s was Sie wollen, wenn Sie Ihre O \/ V-Flasche nachf\u00fcllen. EASY FILL bietet den bisher besten Weg. \u00d6ffnen und klappen Sie die transparente Abdeckung zur\u00fcck, um den tropffreien Silikon-Gie\u00dfauslauf zu entdichten und freizusetzen. Wenden Sie die andere Seite des Doppelscharnierdeckels, der ebenfalls in einer Silikondichtung ruht, um eine breite und bequeme \u00d6ffnung zum Nachf\u00fcllen freizusetzen. Sie k\u00f6nnen den gesamten Deckel losschrauben, wenn es&#8217; Zeit zur Reinigung. Bis dahin genie\u00dfen Sie tropffreie Geschwindigkeit und Komfort.<\/p>\n<\/div>\n<p class=\"text-end\">","protected":false},"excerpt":{"rendered":"<ul>\n<li>Doppelscharnierdeckel zum Gie\u00dfen und Nachf\u00fcllen.<\/li>\n<li>Tropffreier Silikon-Auslauf.<\/li>\n<li>Transparente Abdeckung \u00f6ffnet sich weit zum Gie\u00dfen.<\/li>\n<li>Der Deckel wird zum Nachf\u00fcllen aufgedreht.<\/li>\n<\/ul>","protected":false},"featured_media":9052,"comment_status":"open","ping_status":"closed","template":"","meta":{"_acf_changed":false},"product_brand":[],"product_cat":[69,250],"product_tag":[],"class_list":{"0":"post-9047","1":"product","2":"type-product","3":"status-publish","4":"has-post-thumbnail","6":"product_cat-oil-dispensers","7":"product_cat-oil-vinegar-dispenser","9":"first","10":"instock","11":"shipping-taxable","12":"purchasable","13":"product-type-variable"},"acf":[],"_links":{"self":[{"href":"https:\/\/www.sinoglass.com\/de\/wp-json\/wp\/v2\/product\/9047","targetHints":{"allow":["GET"]}}],"collection":[{"href":"https:\/\/www.sinoglass.com\/de\/wp-json\/wp\/v2\/product"}],"about":[{"href":"https:\/\/www.sinoglass.com\/de\/wp-json\/wp\/v2\/types\/product"}],"replies":[{"embeddable":true,"href":"https:\/\/www.sinoglass.com\/de\/wp-json\/wp\/v2\/comments?post=9047"}],"wp:featuredmedia":[{"embeddable":true,"href":"https:\/\/www.sinoglass.com\/de\/wp-json\/wp\/v2\/media\/9052"}],"wp:attachment":[{"href":"https:\/\/www.sinoglass.com\/de\/wp-json\/wp\/v2\/media?parent=9047"}],"wp:term":[{"taxonomy":"product_brand","embeddable":true,"href":"https:\/\/www.sinoglass.com\/de\/wp-json\/wp\/v2\/product_brand?post=9047"},{"taxonomy":"product_cat","embeddable":true,"href":"https:\/\/www.sinoglass.com\/de\/wp-json\/wp\/v2\/product_cat?post=9047"},{"taxonomy":"product_tag","embeddable":true,"href":"https:\/\/www.sinoglass.com\/de\/wp-json\/wp\/v2\/product_tag?post=9047"}],"curies":[{"name":"WP","href":"https:\/\/api.w.org\/{rel}","templated":true}]}}