{"id":9035,"date":"2025-10-16T14:04:06","date_gmt":"2025-10-16T06:04:06","guid":{"rendered":"https:\/\/www.sinoglass.com\/?post_type=product&#038;p=9035"},"modified":"2026-04-16T15:30:36","modified_gmt":"2026-04-16T07:30:36","slug":"rotating-spice-rack-jars-set","status":"publish","type":"product","link":"https:\/\/www.sinoglass.com\/de\/product\/rotating-spice-rack-jars-set\/","title":{"rendered":"Rotierendes Gew\u00fcrzgestall &#038; Gl\u00e4ser Set &#8211; Doppelte Abgabe, einfache F\u00fcllung #86512002"},"content":{"rendered":"<p>Mit einfachem Nachf\u00fcllen und einem bequemen Doppeldosierdeckel ist DELUXE das perfekte Produkt f\u00fcr Ihre K\u00fcche und Ihren Tisch. Silikon- und Glasmaterialien zeigen, dass sich Komfort und Nachhaltigkeit leicht verbinden. Gegens\u00e4tzliche Laschen \u00f6ffnen sich f\u00fcr eine Streuung oder ein Gie\u00dfen, und die gesamte Abdeckung kann f\u00fcr eine einfache F\u00fcllung ge\u00f6ffnet werden, es ist nicht n\u00f6tig, den Deckel zu l\u00f6schen. Die luftdichte Silikondichtung sch\u00fctzt vor Feuchtigkeit. F\u00fcr eine DELUXE-Style-Option w\u00e4hlen Sie aus drei verf\u00fcgbaren Farben.<\/p>","protected":false},"excerpt":{"rendered":"<ul>\n<li>Doppelter Salz-\/Pfefferschecker.<\/li>\n<li>Der Deckel \u00f6ffnet sich f\u00fcr ein einfaches F\u00fcllen.<\/li>\n<li>Kunststoff- und Glasmaterialien.<\/li>\n<li>Wahl von Gew\u00fcrzstandkombinationen.<\/li>\n<\/ul>","protected":false},"featured_media":9040,"comment_status":"open","ping_status":"closed","template":"","meta":{"_acf_changed":false},"product_brand":[],"product_cat":[110,70,213],"product_tag":[],"class_list":{"0":"post-9035","1":"product","2":"type-product","3":"status-publish","4":"has-post-thumbnail","6":"product_cat-rotating-spice-rack","7":"product_cat-spice-racks","8":"product_cat-spice-rack-jars","10":"first","11":"instock","12":"shipping-taxable","13":"purchasable","14":"product-type-variable"},"acf":[],"_links":{"self":[{"href":"https:\/\/www.sinoglass.com\/de\/wp-json\/wp\/v2\/product\/9035","targetHints":{"allow":["GET"]}}],"collection":[{"href":"https:\/\/www.sinoglass.com\/de\/wp-json\/wp\/v2\/product"}],"about":[{"href":"https:\/\/www.sinoglass.com\/de\/wp-json\/wp\/v2\/types\/product"}],"replies":[{"embeddable":true,"href":"https:\/\/www.sinoglass.com\/de\/wp-json\/wp\/v2\/comments?post=9035"}],"wp:featuredmedia":[{"embeddable":true,"href":"https:\/\/www.sinoglass.com\/de\/wp-json\/wp\/v2\/media\/9040"}],"wp:attachment":[{"href":"https:\/\/www.sinoglass.com\/de\/wp-json\/wp\/v2\/media?parent=9035"}],"wp:term":[{"taxonomy":"product_brand","embeddable":true,"href":"https:\/\/www.sinoglass.com\/de\/wp-json\/wp\/v2\/product_brand?post=9035"},{"taxonomy":"product_cat","embeddable":true,"href":"https:\/\/www.sinoglass.com\/de\/wp-json\/wp\/v2\/product_cat?post=9035"},{"taxonomy":"product_tag","embeddable":true,"href":"https:\/\/www.sinoglass.com\/de\/wp-json\/wp\/v2\/product_tag?post=9035"}],"curies":[{"name":"WP","href":"https:\/\/api.w.org\/{rel}","templated":true}]}}