{"id":9016,"date":"2025-10-16T13:37:11","date_gmt":"2025-10-16T05:37:11","guid":{"rendered":"https:\/\/www.sinoglass.com\/?post_type=product&#038;p=9016"},"modified":"2026-04-16T15:37:56","modified_gmt":"2026-04-16T07:37:56","slug":"double-wall-stainless-steel-tumbler","status":"publish","type":"product","link":"https:\/\/www.sinoglass.com\/de\/product\/double-wall-stainless-steel-tumbler\/","title":{"rendered":"Doppelwand Edelstahl Tumbler-Schnellfreisetzung Trinkstahl #66518001"},"content":{"rendered":"<p>Du willst diesen Auslauf reinigen und das jetzt tun. Keine Zeit, einen Deckel abzuschrauben und zu entfernen, und keinen Platz, um ihn sowieso zu legen. Gl\u00fccklicherweise haben Sie den neuen TACTICAL-Deckel auf Ihrem BIG GRIP, so dass Sie einfach den Auslauf \u00f6ffnen, den Verriegelungsmechanismus schieben, den Auslauf abheben und reinigen k\u00f6nnen, und Sie&#8217; wieder fertig. Ersatz und Umr\u00fcstung sind genauso schnell, keine Zeit verschwendet. Genie\u00dfen Sie saubere Hydration bei jedem Abenteuer.<\/p>","protected":false},"excerpt":{"rendered":"<ul>\n<li>Schnelle Freisetzung Trinkschaufel.<\/li>\n<li>Der Schiebemechanismus l\u00e4sst sich schnell zur Reinigung frei.<\/li>\n<li>Einfach zu ersetzen, keine Zeit verschwendet.<\/li>\n<\/ul>","protected":false},"featured_media":9026,"comment_status":"open","ping_status":"closed","template":"","meta":{"_acf_changed":false},"product_brand":[],"product_cat":[128,75],"product_tag":[],"class_list":{"0":"post-9016","1":"product","2":"type-product","3":"status-publish","4":"has-post-thumbnail","6":"product_cat-insulated-mug","7":"product_cat-tumblers-mugs","9":"first","10":"instock","11":"shipping-taxable","12":"purchasable","13":"product-type-variable"},"acf":[],"_links":{"self":[{"href":"https:\/\/www.sinoglass.com\/de\/wp-json\/wp\/v2\/product\/9016","targetHints":{"allow":["GET"]}}],"collection":[{"href":"https:\/\/www.sinoglass.com\/de\/wp-json\/wp\/v2\/product"}],"about":[{"href":"https:\/\/www.sinoglass.com\/de\/wp-json\/wp\/v2\/types\/product"}],"replies":[{"embeddable":true,"href":"https:\/\/www.sinoglass.com\/de\/wp-json\/wp\/v2\/comments?post=9016"}],"wp:featuredmedia":[{"embeddable":true,"href":"https:\/\/www.sinoglass.com\/de\/wp-json\/wp\/v2\/media\/9026"}],"wp:attachment":[{"href":"https:\/\/www.sinoglass.com\/de\/wp-json\/wp\/v2\/media?parent=9016"}],"wp:term":[{"taxonomy":"product_brand","embeddable":true,"href":"https:\/\/www.sinoglass.com\/de\/wp-json\/wp\/v2\/product_brand?post=9016"},{"taxonomy":"product_cat","embeddable":true,"href":"https:\/\/www.sinoglass.com\/de\/wp-json\/wp\/v2\/product_cat?post=9016"},{"taxonomy":"product_tag","embeddable":true,"href":"https:\/\/www.sinoglass.com\/de\/wp-json\/wp\/v2\/product_tag?post=9016"}],"curies":[{"name":"WP","href":"https:\/\/api.w.org\/{rel}","templated":true}]}}