{"id":8925,"date":"2025-09-24T15:17:06","date_gmt":"2025-09-24T07:17:06","guid":{"rendered":"https:\/\/www.sinoglass.com\/?post_type=product&#038;p=8925"},"modified":"2026-04-16T15:36:02","modified_gmt":"2026-04-16T07:36:02","slug":"glass-water-pitcher","status":"publish","type":"product","link":"https:\/\/www.sinoglass.com\/de\/product\/glass-water-pitcher\/","title":{"rendered":"AUTO SLIDE &#8211; Gro\u00dfer Borosilikatglas Wasserpitcher #66372003"},"content":{"rendered":"<p>Unser neuester Tipp-to-Pour-Kr\u00fcgel hat ein gro\u00dfes Ziel: einfache Bedienung. Zun\u00e4chst haben wir einen innovativen gewichtsbetriebenen Auto-\u00d6ffnen- und Schlie\u00dfschiebemechanismus installiert. Tipp zum \u00d6ffnen und Gie\u00dfen, aufrecht zu schlie\u00dfen. Der Mechanismus \u00f6ffnet sich reibungslos ohne pl\u00f6tzliche Bewegung, die zu einem Spill f\u00fchren k\u00f6nnte. Zweitens kann das F\u00fcllen eines Kr\u00fcges ein Problem sein, wenn Sie den Deckel und den Griff losschrauben m\u00fcssen. Mit AUTO SLIDE heben Sie einfach den Gie\u00dfmechanismus heraus, legen Sie ihn auf einen Tisch (kleine Tabs halten ihn von der Oberfl\u00e4che) und f\u00fcllen Sie durch die gro\u00dfe \u00d6ffnung. Sie k\u00f6nnen auch einfach den Mechanismus zur Reinigung entfernen. Drittens muss es gro\u00df sein. AUTO SLIDE ist 1,5L \/ 1,8L, was weniger Nachf\u00fcllen bedeutet. Innovation, bequemes F\u00fcllen und Reinigen, Familiengr\u00f6\u00dfe \u2013 gro\u00dfes Ziel erreicht!<\/p>","protected":false},"excerpt":{"rendered":"<p>\u2022 Einzigartiger Schiebemechanismus f\u00fcr automatisches \u00d6ffnen und Schlie\u00dfen<br \/>\n\u2022 Gro\u00dfe Kapazit\u00e4t Borosilikatpitcher, 1.5L \/ 1.8L<br \/>\n\u2022 Gleitmechanismus ist vor Feuchtigkeit gesch\u00fctzt und rostfrei<br \/>\n\u2022 Bequemes F\u00fcllen ohne Entfernen des gesamten Deckels<br \/>\n\u2022 Einfach zu entfernen Schiebemechanismus zur Reinigung<\/p>","protected":false},"featured_media":8929,"comment_status":"open","ping_status":"closed","template":"","meta":{"_acf_changed":false},"product_brand":[],"product_cat":[72,119],"product_tag":[],"class_list":{"0":"post-8925","1":"product","2":"type-product","3":"status-publish","4":"has-post-thumbnail","6":"product_cat-carafe-pitcher","7":"product_cat-glass-water-jug","9":"first","10":"instock","11":"shipping-taxable","12":"purchasable","13":"product-type-variable"},"acf":[],"_links":{"self":[{"href":"https:\/\/www.sinoglass.com\/de\/wp-json\/wp\/v2\/product\/8925","targetHints":{"allow":["GET"]}}],"collection":[{"href":"https:\/\/www.sinoglass.com\/de\/wp-json\/wp\/v2\/product"}],"about":[{"href":"https:\/\/www.sinoglass.com\/de\/wp-json\/wp\/v2\/types\/product"}],"replies":[{"embeddable":true,"href":"https:\/\/www.sinoglass.com\/de\/wp-json\/wp\/v2\/comments?post=8925"}],"wp:featuredmedia":[{"embeddable":true,"href":"https:\/\/www.sinoglass.com\/de\/wp-json\/wp\/v2\/media\/8929"}],"wp:attachment":[{"href":"https:\/\/www.sinoglass.com\/de\/wp-json\/wp\/v2\/media?parent=8925"}],"wp:term":[{"taxonomy":"product_brand","embeddable":true,"href":"https:\/\/www.sinoglass.com\/de\/wp-json\/wp\/v2\/product_brand?post=8925"},{"taxonomy":"product_cat","embeddable":true,"href":"https:\/\/www.sinoglass.com\/de\/wp-json\/wp\/v2\/product_cat?post=8925"},{"taxonomy":"product_tag","embeddable":true,"href":"https:\/\/www.sinoglass.com\/de\/wp-json\/wp\/v2\/product_tag?post=8925"}],"curies":[{"name":"WP","href":"https:\/\/api.w.org\/{rel}","templated":true}]}}