{"id":8912,"date":"2025-09-23T16:56:15","date_gmt":"2025-09-23T08:56:15","guid":{"rendered":"https:\/\/www.sinoglass.com\/?post_type=product&#038;p=8912"},"modified":"2026-04-16T15:36:59","modified_gmt":"2026-04-16T07:36:59","slug":"2-in-1-oil-spray-bottle","status":"publish","type":"product","link":"https:\/\/www.sinoglass.com\/de\/product\/2-in-1-oil-spray-bottle\/","title":{"rendered":"2 in 1 Glas\u00f6lspr\u00fchger\u00e4t und -dispenser #79531001"},"content":{"rendered":"<div>\n<p style=\"text-align: center;\">Seit 25 Jahren&#8217; wir haben qualitativ hochwertige innovative Produkte f\u00fcr Ihre K\u00fcche entwickelt. Der AUTUMN 25 setzt diese Vision fort, indem er zwei M\u00f6glichkeiten bietet, \u00d6l nach Bedarf zu dispensieren. Dr\u00fccken Sie den oberen Knopf, um einen gleichm\u00e4\u00dfigen Nebel auf Salate, Steaks, einen Grill oder eine Pfanne aufzutragen, was auch immer Sie w\u00e4hlen. Oder gie\u00dfen Sie \u00d6l aus einem glatten flie\u00dfenden Auslauf \u00fcber Lebensmittel oder zum Kochen zu messen. Beide Optionen sind mit einer einfachen Drehung der einzigartigen Abdeckung zug\u00e4nglich. AUTUMN 25 ist die einzige Flasche f\u00fcr alle Ihre \u00d6lanwendungen.<\/p>\n<\/div>\n<p class=\"text-end\">","protected":false},"excerpt":{"rendered":"<ul>\n<li>Integrierte Konstruktion zum Spr\u00fchen und Gie\u00dfen.<\/li>\n<li>Ein Twist greift auf beide Optionen zu.<\/li>\n<li>Erh\u00e4ltlich in drei Farben und Kapazit\u00e4ten.<\/li>\n<\/ul>","protected":false},"featured_media":8914,"comment_status":"open","ping_status":"closed","template":"","meta":{"_acf_changed":false},"product_brand":[],"product_cat":[99,250],"product_tag":[],"class_list":{"0":"post-8912","1":"product","2":"type-product","3":"status-publish","4":"has-post-thumbnail","6":"product_cat-oil-sprayers","7":"product_cat-oil-vinegar-dispenser","9":"first","10":"instock","11":"shipping-taxable","12":"purchasable","13":"product-type-variable"},"acf":[],"_links":{"self":[{"href":"https:\/\/www.sinoglass.com\/de\/wp-json\/wp\/v2\/product\/8912","targetHints":{"allow":["GET"]}}],"collection":[{"href":"https:\/\/www.sinoglass.com\/de\/wp-json\/wp\/v2\/product"}],"about":[{"href":"https:\/\/www.sinoglass.com\/de\/wp-json\/wp\/v2\/types\/product"}],"replies":[{"embeddable":true,"href":"https:\/\/www.sinoglass.com\/de\/wp-json\/wp\/v2\/comments?post=8912"}],"wp:featuredmedia":[{"embeddable":true,"href":"https:\/\/www.sinoglass.com\/de\/wp-json\/wp\/v2\/media\/8914"}],"wp:attachment":[{"href":"https:\/\/www.sinoglass.com\/de\/wp-json\/wp\/v2\/media?parent=8912"}],"wp:term":[{"taxonomy":"product_brand","embeddable":true,"href":"https:\/\/www.sinoglass.com\/de\/wp-json\/wp\/v2\/product_brand?post=8912"},{"taxonomy":"product_cat","embeddable":true,"href":"https:\/\/www.sinoglass.com\/de\/wp-json\/wp\/v2\/product_cat?post=8912"},{"taxonomy":"product_tag","embeddable":true,"href":"https:\/\/www.sinoglass.com\/de\/wp-json\/wp\/v2\/product_tag?post=8912"}],"curies":[{"name":"WP","href":"https:\/\/api.w.org\/{rel}","templated":true}]}}