{"id":8514,"date":"2025-05-26T13:02:01","date_gmt":"2025-05-26T05:02:01","guid":{"rendered":"https:\/\/www.sinoglass.com\/?post_type=product&#038;p=8514"},"modified":"2025-05-26T13:35:30","modified_gmt":"2025-05-26T05:35:30","slug":"empty-glass-spice-jars","status":"publish","type":"product","link":"https:\/\/www.sinoglass.com\/de\/product\/empty-glass-spice-jars\/","title":{"rendered":"Doppeldeckel leeres Glas Gew\u00fcrz Gl\u00e4ser mit Etiketten #79502002"},"content":{"rendered":"<p>Viele Gew\u00fcrze sehen \u00e4hnlich aus, so dass ein etikettiertes und doppeldeckliches Gew\u00fcrzglar doppelt bequem ist. Von einer Seite ge\u00f6ffnet f\u00fcr einen innovativen Streuerbereich mit zwei Ausgangsm\u00f6glichkeiten. \u00d6ffnen Sie die andere Seite, um gr\u00f6\u00dfere Gew\u00fcrze zu gie\u00dfen oder leicht nachzuf\u00fcllen, ohne den Deckel zu entfernen. Ist es Thymian oder Basilikum? Mit einem Etikett auf dem Glas gibt&#8217; Keine Notwendigkeit zu erraten. Das doppelschichtige rotierende Rack kann dazu beitragen, 12 Gew\u00fcrzgl\u00e4ser ordentlich zu verwalten und es bequemer zu machen, sie zu bekommen.<\/p>","protected":false},"excerpt":{"rendered":"<ul>\n<li>Doppeldeckel rund Gew\u00fcrzglar.<\/li>\n<li>Innovativer Streuerbereich.<\/li>\n<li>Etiketten enthalten.<\/li>\n<li>Drei Gr\u00f6\u00dfen und zwei Farben verf\u00fcgbar.<\/li>\n<li>Wahl von Gew\u00fcrzstandkombinationen.<\/li>\n<\/ul>","protected":false},"featured_media":8520,"comment_status":"open","ping_status":"closed","template":"","meta":{"_acf_changed":false},"product_brand":[],"product_cat":[108,70],"product_tag":[],"class_list":{"0":"post-8514","1":"product","2":"type-product","3":"status-publish","4":"has-post-thumbnail","6":"product_cat-spice-jars","7":"product_cat-spice-racks","9":"first","10":"instock","11":"shipping-taxable","12":"purchasable","13":"product-type-variable"},"acf":[],"_links":{"self":[{"href":"https:\/\/www.sinoglass.com\/de\/wp-json\/wp\/v2\/product\/8514","targetHints":{"allow":["GET"]}}],"collection":[{"href":"https:\/\/www.sinoglass.com\/de\/wp-json\/wp\/v2\/product"}],"about":[{"href":"https:\/\/www.sinoglass.com\/de\/wp-json\/wp\/v2\/types\/product"}],"replies":[{"embeddable":true,"href":"https:\/\/www.sinoglass.com\/de\/wp-json\/wp\/v2\/comments?post=8514"}],"wp:featuredmedia":[{"embeddable":true,"href":"https:\/\/www.sinoglass.com\/de\/wp-json\/wp\/v2\/media\/8520"}],"wp:attachment":[{"href":"https:\/\/www.sinoglass.com\/de\/wp-json\/wp\/v2\/media?parent=8514"}],"wp:term":[{"taxonomy":"product_brand","embeddable":true,"href":"https:\/\/www.sinoglass.com\/de\/wp-json\/wp\/v2\/product_brand?post=8514"},{"taxonomy":"product_cat","embeddable":true,"href":"https:\/\/www.sinoglass.com\/de\/wp-json\/wp\/v2\/product_cat?post=8514"},{"taxonomy":"product_tag","embeddable":true,"href":"https:\/\/www.sinoglass.com\/de\/wp-json\/wp\/v2\/product_tag?post=8514"}],"curies":[{"name":"WP","href":"https:\/\/api.w.org\/{rel}","templated":true}]}}