{"id":8253,"date":"2025-04-21T16:58:48","date_gmt":"2025-04-21T08:58:48","guid":{"rendered":"https:\/\/www.sinoglass.com\/?post_type=product&#038;p=8253"},"modified":"2026-04-16T15:35:20","modified_gmt":"2026-04-16T07:35:20","slug":"straw-insulated-water-bottle","status":"publish","type":"product","link":"https:\/\/www.sinoglass.com\/de\/product\/straw-insulated-water-bottle\/","title":{"rendered":"Faltbare Stroh isolierte Wasserflasche mit Griff #66352001"},"content":{"rendered":"<p>Durstig? Drehen Sie den Stroh &#8230; trinken &#8230; Falten Sie den Stroh.  It&#8217; s schnell, es&#8217; s einfach, und der bequeme Griff l\u00e4sst Sie diesen Komfort den ganzen Tag tragen. Doppelwandiger Edelstahl h\u00e4lt die Temperatur, wo Sie es wollen. Sie k\u00f6nnen aus drei Farben und f\u00fcnf Gr\u00f6\u00dfen w\u00e4hlen, so dass es&#8217; s ein SPEEDSTER f\u00fcr jede Gelegenheit.<\/p>","protected":false},"excerpt":{"rendered":"<ul style=\"list-style-type: disc;\">\n<li>Klappbares Stroh f\u00fcr schnellen Zugang.<\/li>\n<li>Flexibel und einfach zu tragen Griff.<\/li>\n<li>Doppelwandige Karosserie aus Edelstahl zur Temperaturregelung.<\/li>\n<li>Erh\u00e4ltlich in f\u00fcnf Gr\u00f6\u00dfen und drei Farben.<\/li>\n<\/ul>","protected":false},"featured_media":8260,"comment_status":"open","ping_status":"closed","template":"","meta":{"_acf_changed":false},"product_brand":[],"product_cat":[73,92],"product_tag":[],"class_list":{"0":"post-8253","1":"product","2":"type-product","3":"status-publish","4":"has-post-thumbnail","6":"product_cat-insulated-bottle","7":"product_cat-water-bottles","9":"first","10":"instock","11":"shipping-taxable","12":"purchasable","13":"product-type-variable"},"acf":[],"_links":{"self":[{"href":"https:\/\/www.sinoglass.com\/de\/wp-json\/wp\/v2\/product\/8253","targetHints":{"allow":["GET"]}}],"collection":[{"href":"https:\/\/www.sinoglass.com\/de\/wp-json\/wp\/v2\/product"}],"about":[{"href":"https:\/\/www.sinoglass.com\/de\/wp-json\/wp\/v2\/types\/product"}],"replies":[{"embeddable":true,"href":"https:\/\/www.sinoglass.com\/de\/wp-json\/wp\/v2\/comments?post=8253"}],"wp:featuredmedia":[{"embeddable":true,"href":"https:\/\/www.sinoglass.com\/de\/wp-json\/wp\/v2\/media\/8260"}],"wp:attachment":[{"href":"https:\/\/www.sinoglass.com\/de\/wp-json\/wp\/v2\/media?parent=8253"}],"wp:term":[{"taxonomy":"product_brand","embeddable":true,"href":"https:\/\/www.sinoglass.com\/de\/wp-json\/wp\/v2\/product_brand?post=8253"},{"taxonomy":"product_cat","embeddable":true,"href":"https:\/\/www.sinoglass.com\/de\/wp-json\/wp\/v2\/product_cat?post=8253"},{"taxonomy":"product_tag","embeddable":true,"href":"https:\/\/www.sinoglass.com\/de\/wp-json\/wp\/v2\/product_tag?post=8253"}],"curies":[{"name":"WP","href":"https:\/\/api.w.org\/{rel}","templated":true}]}}