{"id":8238,"date":"2025-04-21T16:42:02","date_gmt":"2025-04-21T08:42:02","guid":{"rendered":"https:\/\/www.sinoglass.com\/?post_type=product&#038;p=8238"},"modified":"2026-04-16T15:34:25","modified_gmt":"2026-04-16T07:34:25","slug":"tumbler-insulated-with-straw","status":"publish","type":"product","link":"https:\/\/www.sinoglass.com\/de\/product\/tumbler-insulated-with-straw\/","title":{"rendered":"Tumbler isoliert mit Stroh und Doppel Sip #69912021"},"content":{"rendered":"<p>DOUBLE SIP bietet Ihnen zwei Hydration-Optionen. F\u00fcr ein hei\u00dfes oder kaltes Getr\u00e4nk \u00f6ffnen Sie eine Seite, um aus einem gro\u00dfz\u00fcgigen Auslauf zu trinken. F\u00fcr ein k\u00fchles oder kaltes Getr\u00e4nk \u00f6ffnen Sie die andere Seite, um aus einem vollst\u00e4ndig versteckten und integrierten Strohhalm zu schlucken. Trennen Sie Ihre Auswahl durch einen Bereich mit zwei Optionen: Eine stilvolle Wasserwellentextur oder ein flacher Bereich f\u00fcr Ihr eigenes benutzerdefiniertes Logo. Beide Optionen f\u00fcgen Ihrem Becher einen Hauch von Klasse hinzu.<\/p>","protected":false},"excerpt":{"rendered":"<ul>\n<li>Zwei Hydration-Optionen.<\/li>\n<li>Gro\u00dfz\u00fcgiger Auslauf auf einer Seite.<\/li>\n<li>Integriertes und verstecktes Stroh auf der anderen Seite.<\/li>\n<li>Thermischer Edelstahl.<\/li>\n<li>Oberfl\u00e4che kann mit Ihrem Logo angepasst werden.<\/li>\n<\/ul>","protected":false},"featured_media":8251,"comment_status":"open","ping_status":"closed","template":"","meta":{"_acf_changed":false},"product_brand":[],"product_cat":[128,75],"product_tag":[],"class_list":{"0":"post-8238","1":"product","2":"type-product","3":"status-publish","4":"has-post-thumbnail","6":"product_cat-insulated-mug","7":"product_cat-tumblers-mugs","9":"first","10":"instock","11":"shipping-taxable","12":"purchasable","13":"product-type-variable"},"acf":[],"_links":{"self":[{"href":"https:\/\/www.sinoglass.com\/de\/wp-json\/wp\/v2\/product\/8238","targetHints":{"allow":["GET"]}}],"collection":[{"href":"https:\/\/www.sinoglass.com\/de\/wp-json\/wp\/v2\/product"}],"about":[{"href":"https:\/\/www.sinoglass.com\/de\/wp-json\/wp\/v2\/types\/product"}],"replies":[{"embeddable":true,"href":"https:\/\/www.sinoglass.com\/de\/wp-json\/wp\/v2\/comments?post=8238"}],"wp:featuredmedia":[{"embeddable":true,"href":"https:\/\/www.sinoglass.com\/de\/wp-json\/wp\/v2\/media\/8251"}],"wp:attachment":[{"href":"https:\/\/www.sinoglass.com\/de\/wp-json\/wp\/v2\/media?parent=8238"}],"wp:term":[{"taxonomy":"product_brand","embeddable":true,"href":"https:\/\/www.sinoglass.com\/de\/wp-json\/wp\/v2\/product_brand?post=8238"},{"taxonomy":"product_cat","embeddable":true,"href":"https:\/\/www.sinoglass.com\/de\/wp-json\/wp\/v2\/product_cat?post=8238"},{"taxonomy":"product_tag","embeddable":true,"href":"https:\/\/www.sinoglass.com\/de\/wp-json\/wp\/v2\/product_tag?post=8238"}],"curies":[{"name":"WP","href":"https:\/\/api.w.org\/{rel}","templated":true}]}}