{"id":8196,"date":"2025-04-21T13:39:28","date_gmt":"2025-04-21T05:39:28","guid":{"rendered":"https:\/\/www.sinoglass.com\/?post_type=product&#038;p=8196"},"modified":"2025-10-21T13:41:40","modified_gmt":"2025-10-21T05:41:40","slug":"glass-travel-mug","status":"publish","type":"product","link":"https:\/\/www.sinoglass.com\/de\/product\/glass-travel-mug\/","title":{"rendered":"Glas Reisebecher mit Filter- Umweltfreundlich #69404022"},"content":{"rendered":"<p>Unser ECO. Borosilikatbescher der LIFE-Serie ist eine \u00fcberall tragbare, alles trinkende Innovation, die f\u00fcr Komfort und konstanten Gebrauch konzipiert wurde. Keine Wegwerfbecher sind mit SOFT TOUCH notwendig. Wir verwenden drei nachhaltige Materialien \u2013 Glas, weiches Silikon und Edelstahl. Die Lasche \u00fcber dem gro\u00dfen Auslauf ist weiches Silikon \u2013 heben und bewegen Sie sich einfach. Ein Edelstahlring mit Silikondichtung h\u00e4lt Ihr hei\u00dfes oder kaltes Getr\u00e4nk sicher drinnen (drehen Sie es einfach nicht auf den Kopf). Der Griffbereich ist ein sicherer und sch\u00fctzender Silikonring.<\/p>","protected":false},"excerpt":{"rendered":"<ul>\n<li>Borosilikat tragbarer Becher mit weichem Silikon.<\/li>\n<li>Edelstahlring f\u00fcr eine sichere Dichtung.<\/li>\n<li>Nicht-plastisches Design.<\/li>\n<li>Abnehmbarer Meshfilter aus Edelstahl f\u00fcr Tee und Kaffee.<\/li>\n<li>Aus der ECO. Leben Serie.<\/li>\n<\/ul>","protected":false},"featured_media":8204,"comment_status":"open","ping_status":"closed","template":"","meta":{"_acf_changed":false},"product_brand":[],"product_cat":[218,121,75],"product_tag":[],"class_list":{"0":"post-8196","1":"product","2":"type-product","3":"status-publish","4":"has-post-thumbnail","6":"product_cat-eco-friendly","7":"product_cat-glass-mug","8":"product_cat-tumblers-mugs","10":"first","11":"instock","12":"shipping-taxable","13":"purchasable","14":"product-type-variable"},"acf":[],"_links":{"self":[{"href":"https:\/\/www.sinoglass.com\/de\/wp-json\/wp\/v2\/product\/8196","targetHints":{"allow":["GET"]}}],"collection":[{"href":"https:\/\/www.sinoglass.com\/de\/wp-json\/wp\/v2\/product"}],"about":[{"href":"https:\/\/www.sinoglass.com\/de\/wp-json\/wp\/v2\/types\/product"}],"replies":[{"embeddable":true,"href":"https:\/\/www.sinoglass.com\/de\/wp-json\/wp\/v2\/comments?post=8196"}],"wp:featuredmedia":[{"embeddable":true,"href":"https:\/\/www.sinoglass.com\/de\/wp-json\/wp\/v2\/media\/8204"}],"wp:attachment":[{"href":"https:\/\/www.sinoglass.com\/de\/wp-json\/wp\/v2\/media?parent=8196"}],"wp:term":[{"taxonomy":"product_brand","embeddable":true,"href":"https:\/\/www.sinoglass.com\/de\/wp-json\/wp\/v2\/product_brand?post=8196"},{"taxonomy":"product_cat","embeddable":true,"href":"https:\/\/www.sinoglass.com\/de\/wp-json\/wp\/v2\/product_cat?post=8196"},{"taxonomy":"product_tag","embeddable":true,"href":"https:\/\/www.sinoglass.com\/de\/wp-json\/wp\/v2\/product_tag?post=8196"}],"curies":[{"name":"WP","href":"https:\/\/api.w.org\/{rel}","templated":true}]}}