{"id":8174,"date":"2025-04-21T13:06:01","date_gmt":"2025-04-21T05:06:01","guid":{"rendered":"https:\/\/www.sinoglass.com\/?post_type=product&#038;p=8174"},"modified":"2025-10-21T13:38:47","modified_gmt":"2025-10-21T05:38:47","slug":"vacuum-insulated-tumbler","status":"publish","type":"product","link":"https:\/\/www.sinoglass.com\/de\/product\/vacuum-insulated-tumbler\/","title":{"rendered":"40 oz Vakuum isolierte Tumbler &#8211; Doppeldeckel und Griff #68272001"},"content":{"rendered":"<p>Der BIG GRIP SLIMLINE verf\u00fcgt \u00fcber den bestseller TWIST Deckel mit einem ansprechenden neuen Karosseriestil. Drehen Sie die Kappe ab, um die geheime Silikonverl\u00e4ngerung zu aktivieren, die das versteckte Stroh in Position bringt. Legen Sie die Kappe auf die Magnetlappe und sie bleibt genau dort, wo sie sollte. Wenn Sie&#8217; wieder fertig, dr\u00fccken Sie das Stroh nach unten und ersetzen Sie die Kappe. Stimmung f\u00fcr einen Schluck? Drehen Sie die Registerkarte f\u00fcr ein erfrischendes Getr\u00e4nk. Zwei Optionen, mit einem Twist!<\/p>","protected":false},"excerpt":{"rendered":"<ul>\n<li>Gro\u00dfer und komfortabler Griff.<\/li>\n<li>R\u00fccknehmbares Stroh mit Drehkappe.<\/li>\n<li>Magnetlappe zur Haltekappe.<\/li>\n<li>Drei verf\u00fcgbare Farben.<\/li>\n<li>Stilvoller SLIMLINE K\u00f6rper.<\/li>\n<\/ul>","protected":false},"featured_media":8184,"comment_status":"open","ping_status":"closed","template":"","meta":{"_acf_changed":false},"product_brand":[],"product_cat":[128,75],"product_tag":[],"class_list":{"0":"post-8174","1":"product","2":"type-product","3":"status-publish","4":"has-post-thumbnail","6":"product_cat-insulated-mug","7":"product_cat-tumblers-mugs","9":"first","10":"instock","11":"shipping-taxable","12":"purchasable","13":"product-type-variable"},"acf":[],"_links":{"self":[{"href":"https:\/\/www.sinoglass.com\/de\/wp-json\/wp\/v2\/product\/8174","targetHints":{"allow":["GET"]}}],"collection":[{"href":"https:\/\/www.sinoglass.com\/de\/wp-json\/wp\/v2\/product"}],"about":[{"href":"https:\/\/www.sinoglass.com\/de\/wp-json\/wp\/v2\/types\/product"}],"replies":[{"embeddable":true,"href":"https:\/\/www.sinoglass.com\/de\/wp-json\/wp\/v2\/comments?post=8174"}],"wp:featuredmedia":[{"embeddable":true,"href":"https:\/\/www.sinoglass.com\/de\/wp-json\/wp\/v2\/media\/8184"}],"wp:attachment":[{"href":"https:\/\/www.sinoglass.com\/de\/wp-json\/wp\/v2\/media?parent=8174"}],"wp:term":[{"taxonomy":"product_brand","embeddable":true,"href":"https:\/\/www.sinoglass.com\/de\/wp-json\/wp\/v2\/product_brand?post=8174"},{"taxonomy":"product_cat","embeddable":true,"href":"https:\/\/www.sinoglass.com\/de\/wp-json\/wp\/v2\/product_cat?post=8174"},{"taxonomy":"product_tag","embeddable":true,"href":"https:\/\/www.sinoglass.com\/de\/wp-json\/wp\/v2\/product_tag?post=8174"}],"curies":[{"name":"WP","href":"https:\/\/api.w.org\/{rel}","templated":true}]}}