{"id":8163,"date":"2025-04-21T11:38:11","date_gmt":"2025-04-21T03:38:11","guid":{"rendered":"https:\/\/www.sinoglass.com\/?post_type=product&#038;p=8163"},"modified":"2025-04-21T11:49:24","modified_gmt":"2025-04-21T03:49:24","slug":"thermal-tumbler","status":"publish","type":"product","link":"https:\/\/www.sinoglass.com\/de\/product\/thermal-tumbler\/","title":{"rendered":"Dual Deckel Thermal Tumbler &#8211; Keramische Innenbeschichtung #66956003"},"content":{"rendered":"<p>Die Einfachheit hat einige einfache Aufgaben. Die erste ist, Ihnen zwei M\u00f6glichkeiten zu geben, Ihr warmes oder kaltes Getr\u00e4nk zu genie\u00dfen. Sie k\u00f6nnen das mitgelieferte Strohhalm in die mittlere \u00d6ffnung einlegen, oder Sie k\u00f6nnen die Mitte versiegeln und die Registerkarte \u00f6ffnen, um den Auslauf zu verwenden. Die zweite Aufgabe ist es, Ihr Getr\u00e4nk auf der richtigen Temperatur zu halten. Die dritte Aufgabe ist eine Innovation \u2013 eine Keramikbeschichtung im Inneren des Glases bewahrt den Geschmack Ihres Lieblingsgetr\u00e4nks. W\u00e4hlen Sie aus drei Farben und zwei Gr\u00f6\u00dfen und genie\u00dfen Sie die Einfachheit der gut gemachten Aufgaben.<\/p>","protected":false},"excerpt":{"rendered":"<ul>\n<li>Doppeldeckel thermischer Tumbler.<\/li>\n<li>Keramische Innenbeschichtung zur Erhaltung des Geschmacks.<\/li>\n<li>Zwei Gr\u00f6\u00dfen und drei Farben verf\u00fcgbar.<\/li>\n<\/ul>","protected":false},"featured_media":8172,"comment_status":"open","ping_status":"closed","template":"","meta":{"_acf_changed":false},"product_brand":[],"product_cat":[128,75],"product_tag":[],"class_list":{"0":"post-8163","1":"product","2":"type-product","3":"status-publish","4":"has-post-thumbnail","6":"product_cat-insulated-mug","7":"product_cat-tumblers-mugs","9":"first","10":"instock","11":"shipping-taxable","12":"purchasable","13":"product-type-variable"},"acf":[],"_links":{"self":[{"href":"https:\/\/www.sinoglass.com\/de\/wp-json\/wp\/v2\/product\/8163","targetHints":{"allow":["GET"]}}],"collection":[{"href":"https:\/\/www.sinoglass.com\/de\/wp-json\/wp\/v2\/product"}],"about":[{"href":"https:\/\/www.sinoglass.com\/de\/wp-json\/wp\/v2\/types\/product"}],"replies":[{"embeddable":true,"href":"https:\/\/www.sinoglass.com\/de\/wp-json\/wp\/v2\/comments?post=8163"}],"wp:featuredmedia":[{"embeddable":true,"href":"https:\/\/www.sinoglass.com\/de\/wp-json\/wp\/v2\/media\/8172"}],"wp:attachment":[{"href":"https:\/\/www.sinoglass.com\/de\/wp-json\/wp\/v2\/media?parent=8163"}],"wp:term":[{"taxonomy":"product_brand","embeddable":true,"href":"https:\/\/www.sinoglass.com\/de\/wp-json\/wp\/v2\/product_brand?post=8163"},{"taxonomy":"product_cat","embeddable":true,"href":"https:\/\/www.sinoglass.com\/de\/wp-json\/wp\/v2\/product_cat?post=8163"},{"taxonomy":"product_tag","embeddable":true,"href":"https:\/\/www.sinoglass.com\/de\/wp-json\/wp\/v2\/product_tag?post=8163"}],"curies":[{"name":"WP","href":"https:\/\/api.w.org\/{rel}","templated":true}]}}