{"id":8152,"date":"2025-04-21T11:22:39","date_gmt":"2025-04-21T03:22:39","guid":{"rendered":"https:\/\/www.sinoglass.com\/?post_type=product&#038;p=8152"},"modified":"2026-04-16T15:38:21","modified_gmt":"2026-04-16T07:38:21","slug":"food-container-with-clip-lid","status":"publish","type":"product","link":"https:\/\/www.sinoglass.com\/de\/product\/food-container-with-clip-lid\/","title":{"rendered":"Edelstahl Lebensmittelbeh\u00e4lter mit Clip Deckel #9949A001"},"content":{"rendered":"<p>Edelstahl ist eine gute Option f\u00fcr die Speicherung von Lebensmitteln.  It&#8217; s robust, leicht und sch\u00fctzt Geschmack. Au\u00dferdem hat es gewonnen&#8217; Der CLIPPER ist mit einer in den Deckel integrierten Silikondichtung und zwei sicheren Clips noch besser gemacht, um ihn fest zu halten. Mit CLIPPER ist alles richtig - leicht, robust, leckfest und gut, um die Geschmacksrichtungen unver\u00e4ndert zu halten.<\/p>","protected":false},"excerpt":{"rendered":"<ul>\n<li>Leichte Lebensmittellagerung aus Edelstahl.<\/li>\n<li>Sicheres Clip-System h\u00e4lt den Deckel an Ort und Stelle.<\/li>\n<li>Silikon versiegelt und leckbest\u00e4ndig.<\/li>\n<\/ul>","protected":false},"featured_media":8156,"comment_status":"open","ping_status":"closed","template":"","meta":{"_acf_changed":false},"product_brand":[],"product_cat":[218,103,68],"product_tag":[],"class_list":{"0":"post-8152","1":"product","2":"type-product","3":"status-publish","4":"has-post-thumbnail","6":"product_cat-eco-friendly","7":"product_cat-lunch-box","8":"product_cat-storage-jars","10":"first","11":"instock","12":"shipping-taxable","13":"purchasable","14":"product-type-variable"},"acf":[],"_links":{"self":[{"href":"https:\/\/www.sinoglass.com\/de\/wp-json\/wp\/v2\/product\/8152","targetHints":{"allow":["GET"]}}],"collection":[{"href":"https:\/\/www.sinoglass.com\/de\/wp-json\/wp\/v2\/product"}],"about":[{"href":"https:\/\/www.sinoglass.com\/de\/wp-json\/wp\/v2\/types\/product"}],"replies":[{"embeddable":true,"href":"https:\/\/www.sinoglass.com\/de\/wp-json\/wp\/v2\/comments?post=8152"}],"wp:featuredmedia":[{"embeddable":true,"href":"https:\/\/www.sinoglass.com\/de\/wp-json\/wp\/v2\/media\/8156"}],"wp:attachment":[{"href":"https:\/\/www.sinoglass.com\/de\/wp-json\/wp\/v2\/media?parent=8152"}],"wp:term":[{"taxonomy":"product_brand","embeddable":true,"href":"https:\/\/www.sinoglass.com\/de\/wp-json\/wp\/v2\/product_brand?post=8152"},{"taxonomy":"product_cat","embeddable":true,"href":"https:\/\/www.sinoglass.com\/de\/wp-json\/wp\/v2\/product_cat?post=8152"},{"taxonomy":"product_tag","embeddable":true,"href":"https:\/\/www.sinoglass.com\/de\/wp-json\/wp\/v2\/product_tag?post=8152"}],"curies":[{"name":"WP","href":"https:\/\/api.w.org\/{rel}","templated":true}]}}