{"id":8131,"date":"2025-04-21T10:53:58","date_gmt":"2025-04-21T02:53:58","guid":{"rendered":"https:\/\/www.sinoglass.com\/?post_type=product&#038;p=8131"},"modified":"2026-04-16T15:38:14","modified_gmt":"2026-04-16T07:38:14","slug":"stainless-steel-food-container","status":"publish","type":"product","link":"https:\/\/www.sinoglass.com\/de\/product\/stainless-steel-food-container\/","title":{"rendered":"Edelstahl Lebensmittelbeh\u00e4lter mit Bambusdeckel #99489001"},"content":{"rendered":"<p>Leichter und sicherer Edelstahl ist die ideale Wahl f\u00fcr ein B\u00fcro-Mittagessen oder ein Picknick. Und ein Bambusdeckel ist die richtige Stilentscheidung. Der Deckel ist nicht nur mit Silikon versiegelt, er ist auch mit robusten Clips gesichert, die an ihren Platz schnappen und den Inhalt vor Versch\u00fcttung sch\u00fctzen. Genie\u00dfen Sie Ihr herzhaftes Mittagessen und zeigen Sie Ihren guten Geschmack.<\/p>","protected":false},"excerpt":{"rendered":"<ul>\n<li>Leichter tragbarer Aufbewahrungsraum aus Edelstahl.<\/li>\n<li>Stilvoller und sicherer Bambusdeckel.<\/li>\n<li>Silikon versiegelt und leckbest\u00e4ndig.<\/li>\n<\/ul>","protected":false},"featured_media":8145,"comment_status":"open","ping_status":"closed","template":"","meta":{"_acf_changed":false},"product_brand":[],"product_cat":[218,103,68],"product_tag":[],"class_list":{"0":"post-8131","1":"product","2":"type-product","3":"status-publish","4":"has-post-thumbnail","6":"product_cat-eco-friendly","7":"product_cat-lunch-box","8":"product_cat-storage-jars","10":"first","11":"instock","12":"shipping-taxable","13":"purchasable","14":"product-type-variable"},"acf":[],"_links":{"self":[{"href":"https:\/\/www.sinoglass.com\/de\/wp-json\/wp\/v2\/product\/8131","targetHints":{"allow":["GET"]}}],"collection":[{"href":"https:\/\/www.sinoglass.com\/de\/wp-json\/wp\/v2\/product"}],"about":[{"href":"https:\/\/www.sinoglass.com\/de\/wp-json\/wp\/v2\/types\/product"}],"replies":[{"embeddable":true,"href":"https:\/\/www.sinoglass.com\/de\/wp-json\/wp\/v2\/comments?post=8131"}],"wp:featuredmedia":[{"embeddable":true,"href":"https:\/\/www.sinoglass.com\/de\/wp-json\/wp\/v2\/media\/8145"}],"wp:attachment":[{"href":"https:\/\/www.sinoglass.com\/de\/wp-json\/wp\/v2\/media?parent=8131"}],"wp:term":[{"taxonomy":"product_brand","embeddable":true,"href":"https:\/\/www.sinoglass.com\/de\/wp-json\/wp\/v2\/product_brand?post=8131"},{"taxonomy":"product_cat","embeddable":true,"href":"https:\/\/www.sinoglass.com\/de\/wp-json\/wp\/v2\/product_cat?post=8131"},{"taxonomy":"product_tag","embeddable":true,"href":"https:\/\/www.sinoglass.com\/de\/wp-json\/wp\/v2\/product_tag?post=8131"}],"curies":[{"name":"WP","href":"https:\/\/api.w.org\/{rel}","templated":true}]}}