{"id":8123,"date":"2025-04-21T10:33:41","date_gmt":"2025-04-21T02:33:41","guid":{"rendered":"https:\/\/www.sinoglass.com\/?post_type=product&#038;p=8123"},"modified":"2026-04-16T15:38:26","modified_gmt":"2026-04-16T07:38:26","slug":"stainless-steel-lunch-containers","status":"publish","type":"product","link":"https:\/\/www.sinoglass.com\/de\/product\/stainless-steel-lunch-containers\/","title":{"rendered":"Edelstahl Mittagsbeh\u00e4lter Mikrowelle Safe #99504001"},"content":{"rendered":"<p>Schlie\u00dflich ein tragbarer Mittagsschalt aus Edelstahl, der sicher in einer Mikrowelle verwendet werden kann. Glas ist schwer und Kunststoff ist nicht ideal f\u00fcr die Mikrowelle. SAFE\u2022LUNCH ist leicht und sicher, und jetzt k\u00f6nnen Sie die tolle Mahlzeit, die Sie gestern Abend hatten, furchtlos wiederaufheizen. Das tragbare Geschirr hat einen Silikondeckel, der Lebensmittel frisch h\u00e4lt. Wenn Sie es in die Mikrowelle legen, heben Sie den Deckel einfach hoch und setzen Sie ihn in einem leichten Winkel. Deine Freunde werden \u00fcberrascht sein, dann wollen sie auch eine. Der kleinere Beh\u00e4lter passt in den gro\u00dfen f\u00fcr eine bequeme und platzsparende Lagerung.<\/p>","protected":false},"excerpt":{"rendered":"<ul>\n<li>MICROWAVE SAFE tragbarer Speicher.<\/li>\n<li>Leicht und zerst\u00f6rungssicher.<\/li>\n<li>Silikon-Deckel dichtet sicher ab.<\/li>\n<li>Entworfen, um Platz zu sparen, wenn es nicht verwendet wird.<\/li>\n<\/ul>","protected":false},"featured_media":8129,"comment_status":"open","ping_status":"closed","template":"","meta":{"_acf_changed":false},"product_brand":[],"product_cat":[218,103,68],"product_tag":[],"class_list":{"0":"post-8123","1":"product","2":"type-product","3":"status-publish","4":"has-post-thumbnail","6":"product_cat-eco-friendly","7":"product_cat-lunch-box","8":"product_cat-storage-jars","10":"first","11":"instock","12":"shipping-taxable","13":"product-type-variable"},"acf":[],"_links":{"self":[{"href":"https:\/\/www.sinoglass.com\/de\/wp-json\/wp\/v2\/product\/8123","targetHints":{"allow":["GET"]}}],"collection":[{"href":"https:\/\/www.sinoglass.com\/de\/wp-json\/wp\/v2\/product"}],"about":[{"href":"https:\/\/www.sinoglass.com\/de\/wp-json\/wp\/v2\/types\/product"}],"replies":[{"embeddable":true,"href":"https:\/\/www.sinoglass.com\/de\/wp-json\/wp\/v2\/comments?post=8123"}],"wp:featuredmedia":[{"embeddable":true,"href":"https:\/\/www.sinoglass.com\/de\/wp-json\/wp\/v2\/media\/8129"}],"wp:attachment":[{"href":"https:\/\/www.sinoglass.com\/de\/wp-json\/wp\/v2\/media?parent=8123"}],"wp:term":[{"taxonomy":"product_brand","embeddable":true,"href":"https:\/\/www.sinoglass.com\/de\/wp-json\/wp\/v2\/product_brand?post=8123"},{"taxonomy":"product_cat","embeddable":true,"href":"https:\/\/www.sinoglass.com\/de\/wp-json\/wp\/v2\/product_cat?post=8123"},{"taxonomy":"product_tag","embeddable":true,"href":"https:\/\/www.sinoglass.com\/de\/wp-json\/wp\/v2\/product_tag?post=8123"}],"curies":[{"name":"WP","href":"https:\/\/api.w.org\/{rel}","templated":true}]}}