{"id":8114,"date":"2025-04-21T09:59:27","date_gmt":"2025-04-21T01:59:27","guid":{"rendered":"https:\/\/www.sinoglass.com\/?post_type=product&#038;p=8114"},"modified":"2026-04-16T15:36:10","modified_gmt":"2026-04-16T07:36:10","slug":"stainless-steel-food-storage","status":"publish","type":"product","link":"https:\/\/www.sinoglass.com\/de\/product\/stainless-steel-food-storage\/","title":{"rendered":"Edelstahl Lebensmittelbeh\u00e4lter Mikrowelle Safe #99474001"},"content":{"rendered":"<p>Ja, es&#8217; s true \u2014 diese Edelstahlaufbewahrungsschale ist mikrowellensicher. Viele Leute don&#8217; t m\u00f6gen Mikrowellen-Lebensmittel in Plastik wegen m\u00f6glicher gesundheitlicher Auswirkungen. Glas kann schwer sein und brechen. MICRO\u2022SAFE bietet die Lebensmittelsicherheit, die Geschmackskonservation und das leichte Gewicht von Edelstahl sowie die Bequemlichkeit der Mikrowellenlagerung. Der geh\u00e4rtete Glasdeckel ist fest mit Silikon versiegelt, um Lebensmittel frisch zu halten. Heben Sie die Lasche hoch, dr\u00fccken Sie den Deckel an Ort und Stelle und verschlie\u00dfen Sie die Lasche. Heben Sie die Lasche in der Mikrowelle Ihre Mahlzeit. Dieses innovative Design revolutioniert die Art und Weise, wie Sie Ihre Lebensmittel speichern und erw\u00e4rmen.<\/p>","protected":false},"excerpt":{"rendered":"<ul>\n<li>Neuer MICROWAVE SAFE Stahllager.<\/li>\n<li>Geh\u00e4rtetes Glas mit Silikon versiegelt.<\/li>\n<li>Dichtungsventil-Lasche, Aufheben auf Hitze.<\/li>\n<li>Entworfen, um Platz zu sparen, wenn es nicht verwendet wird.<\/li>\n<\/ul>","protected":false},"featured_media":8120,"comment_status":"open","ping_status":"closed","template":"","meta":{"_acf_changed":false},"product_brand":[],"product_cat":[218,103,68],"product_tag":[],"class_list":{"0":"post-8114","1":"product","2":"type-product","3":"status-publish","4":"has-post-thumbnail","6":"product_cat-eco-friendly","7":"product_cat-lunch-box","8":"product_cat-storage-jars","10":"first","11":"instock","12":"shipping-taxable","13":"purchasable","14":"product-type-variable"},"acf":[],"_links":{"self":[{"href":"https:\/\/www.sinoglass.com\/de\/wp-json\/wp\/v2\/product\/8114","targetHints":{"allow":["GET"]}}],"collection":[{"href":"https:\/\/www.sinoglass.com\/de\/wp-json\/wp\/v2\/product"}],"about":[{"href":"https:\/\/www.sinoglass.com\/de\/wp-json\/wp\/v2\/types\/product"}],"replies":[{"embeddable":true,"href":"https:\/\/www.sinoglass.com\/de\/wp-json\/wp\/v2\/comments?post=8114"}],"wp:featuredmedia":[{"embeddable":true,"href":"https:\/\/www.sinoglass.com\/de\/wp-json\/wp\/v2\/media\/8120"}],"wp:attachment":[{"href":"https:\/\/www.sinoglass.com\/de\/wp-json\/wp\/v2\/media?parent=8114"}],"wp:term":[{"taxonomy":"product_brand","embeddable":true,"href":"https:\/\/www.sinoglass.com\/de\/wp-json\/wp\/v2\/product_brand?post=8114"},{"taxonomy":"product_cat","embeddable":true,"href":"https:\/\/www.sinoglass.com\/de\/wp-json\/wp\/v2\/product_cat?post=8114"},{"taxonomy":"product_tag","embeddable":true,"href":"https:\/\/www.sinoglass.com\/de\/wp-json\/wp\/v2\/product_tag?post=8114"}],"curies":[{"name":"WP","href":"https:\/\/api.w.org\/{rel}","templated":true}]}}