{"id":8104,"date":"2025-04-21T09:33:56","date_gmt":"2025-04-21T01:33:56","guid":{"rendered":"https:\/\/www.sinoglass.com\/?post_type=product&#038;p=8104"},"modified":"2026-04-16T15:36:38","modified_gmt":"2026-04-16T07:36:38","slug":"kitchen-oil-bottles","status":"publish","type":"product","link":"https:\/\/www.sinoglass.com\/de\/product\/kitchen-oil-bottles\/","title":{"rendered":"Texturiertes Glas K\u00fcche \u00d6l Flaschen Auto-Gie\u00dfen Deckel #7949A001"},"content":{"rendered":"<p>Eine sch\u00f6ne Akaziaholzbasis h\u00e4lt das WHEATFIELD PILOT O\/V Set, das das strukturierte Glas und den einzigartigen automatisch giessenden Deckel hervorhebt. Nur Holz und Edelstahl werden verwendet, um ein stilvolles O\/V-Set f\u00fcr Ihre K\u00fcche und Ihren Tisch zu schaffen.<\/p>","protected":false},"excerpt":{"rendered":"<ul>\n<li>Wheatfield texturiertes Hygieneglas.<\/li>\n<li>Klassisches Design mit Akaziaholzbasis.<\/li>\n<li>Auto-Gie\u00df-Auslauf aus Edelstahl.<\/li>\n<li>Teil der ECO. Leben Serie.<\/li>\n<\/ul>","protected":false},"featured_media":8110,"comment_status":"open","ping_status":"closed","template":"","meta":{"_acf_changed":false},"product_brand":[],"product_cat":[218,69,250],"product_tag":[],"class_list":{"0":"post-8104","1":"product","2":"type-product","3":"status-publish","4":"has-post-thumbnail","6":"product_cat-eco-friendly","7":"product_cat-oil-dispensers","8":"product_cat-oil-vinegar-dispenser","10":"first","11":"instock","12":"shipping-taxable","13":"purchasable","14":"product-type-variable"},"acf":[],"_links":{"self":[{"href":"https:\/\/www.sinoglass.com\/de\/wp-json\/wp\/v2\/product\/8104","targetHints":{"allow":["GET"]}}],"collection":[{"href":"https:\/\/www.sinoglass.com\/de\/wp-json\/wp\/v2\/product"}],"about":[{"href":"https:\/\/www.sinoglass.com\/de\/wp-json\/wp\/v2\/types\/product"}],"replies":[{"embeddable":true,"href":"https:\/\/www.sinoglass.com\/de\/wp-json\/wp\/v2\/comments?post=8104"}],"wp:featuredmedia":[{"embeddable":true,"href":"https:\/\/www.sinoglass.com\/de\/wp-json\/wp\/v2\/media\/8110"}],"wp:attachment":[{"href":"https:\/\/www.sinoglass.com\/de\/wp-json\/wp\/v2\/media?parent=8104"}],"wp:term":[{"taxonomy":"product_brand","embeddable":true,"href":"https:\/\/www.sinoglass.com\/de\/wp-json\/wp\/v2\/product_brand?post=8104"},{"taxonomy":"product_cat","embeddable":true,"href":"https:\/\/www.sinoglass.com\/de\/wp-json\/wp\/v2\/product_cat?post=8104"},{"taxonomy":"product_tag","embeddable":true,"href":"https:\/\/www.sinoglass.com\/de\/wp-json\/wp\/v2\/product_tag?post=8104"}],"curies":[{"name":"WP","href":"https:\/\/api.w.org\/{rel}","templated":true}]}}