{"id":8083,"date":"2025-04-18T16:39:22","date_gmt":"2025-04-18T08:39:22","guid":{"rendered":"https:\/\/www.sinoglass.com\/?post_type=product&#038;p=8083"},"modified":"2026-04-16T15:35:26","modified_gmt":"2026-04-16T07:35:26","slug":"kitchen-glass-storage","status":"publish","type":"product","link":"https:\/\/www.sinoglass.com\/de\/product\/kitchen-glass-storage\/","title":{"rendered":"K\u00fcche Texturiertes Glas Lagerung Kein Plastik Design #99469001"},"content":{"rendered":"<p>Sch\u00f6nes Akaziaholz mit weicher Silikondichtung bildet einen perfekten und nat\u00fcrlichen Deckel f\u00fcr unsere WHEATFIELD strukturierte Glaslagerung. Leicht zu entfernen und gro\u00dfartig f\u00fcr Ihren Tisch, ist das Kunststofffreie Design auch Erdfreundlich.<\/p>","protected":false},"excerpt":{"rendered":"<ul>\n<li>Wheatfield texturiertes Hygieneglas<\/li>\n<li>Acacia Holzdeckel<\/li>\n<li>Weiche Silikondichtung<\/li>\n<li>Erh\u00e4ltlich in drei Gr\u00f6\u00dfen<\/li>\n<li>Teil der ECO. LIFE Serie<\/li>\n<\/ul>","protected":false},"featured_media":8090,"comment_status":"open","ping_status":"closed","template":"","meta":{"_acf_changed":false},"product_brand":[],"product_cat":[218,100,68,88],"product_tag":[],"class_list":{"0":"post-8083","1":"product","2":"type-product","3":"status-publish","4":"has-post-thumbnail","6":"product_cat-eco-friendly","7":"product_cat-glass-storage-jar","8":"product_cat-storage-jars","9":"product_cat-wooden-lid-jar","11":"first","12":"instock","13":"shipping-taxable","14":"product-type-variable"},"acf":[],"_links":{"self":[{"href":"https:\/\/www.sinoglass.com\/de\/wp-json\/wp\/v2\/product\/8083","targetHints":{"allow":["GET"]}}],"collection":[{"href":"https:\/\/www.sinoglass.com\/de\/wp-json\/wp\/v2\/product"}],"about":[{"href":"https:\/\/www.sinoglass.com\/de\/wp-json\/wp\/v2\/types\/product"}],"replies":[{"embeddable":true,"href":"https:\/\/www.sinoglass.com\/de\/wp-json\/wp\/v2\/comments?post=8083"}],"wp:featuredmedia":[{"embeddable":true,"href":"https:\/\/www.sinoglass.com\/de\/wp-json\/wp\/v2\/media\/8090"}],"wp:attachment":[{"href":"https:\/\/www.sinoglass.com\/de\/wp-json\/wp\/v2\/media?parent=8083"}],"wp:term":[{"taxonomy":"product_brand","embeddable":true,"href":"https:\/\/www.sinoglass.com\/de\/wp-json\/wp\/v2\/product_brand?post=8083"},{"taxonomy":"product_cat","embeddable":true,"href":"https:\/\/www.sinoglass.com\/de\/wp-json\/wp\/v2\/product_cat?post=8083"},{"taxonomy":"product_tag","embeddable":true,"href":"https:\/\/www.sinoglass.com\/de\/wp-json\/wp\/v2\/product_tag?post=8083"}],"curies":[{"name":"WP","href":"https:\/\/api.w.org\/{rel}","templated":true}]}}