{"id":8067,"date":"2025-04-18T14:45:31","date_gmt":"2025-04-18T06:45:31","guid":{"rendered":"https:\/\/www.sinoglass.com\/?post_type=product&#038;p=8067"},"modified":"2026-04-16T15:32:05","modified_gmt":"2026-04-16T07:32:05","slug":"glass-storage-with-cork-lid","status":"publish","type":"product","link":"https:\/\/www.sinoglass.com\/de\/product\/glass-storage-with-cork-lid\/","title":{"rendered":"Texturierte Glasaufbewahrung mit Korkdeckel #99459001"},"content":{"rendered":"<p>Hygieneglas mit einem gro\u00dfen Korkstopfer sorgt f\u00fcr eine einfache und umweltfreundliche Lagerl\u00f6sung. Kein Chaos, keine Komplikationen, f\u00fcgen Sie einfach das Essen hinzu, das Sie frisch bleiben m\u00f6chten, und dr\u00fccken Sie den Korkdeckel nach unten.<\/p>","protected":false},"excerpt":{"rendered":"<ul>\n<li>Wheatfield texturiertes Hygieneglas.<\/li>\n<li>Breites und stabiles Design.<\/li>\n<li>Gro\u00dfer Korkstopfer f\u00fcr eine feste Dichtung.<\/li>\n<li>Erh\u00e4ltlich in zwei Gr\u00f6\u00dfen.<\/li>\n<li>Teil der ECO. Leben Serie.<\/li>\n<\/ul>","protected":false},"featured_media":8069,"comment_status":"open","ping_status":"closed","template":"","meta":{"_acf_changed":false},"product_brand":[],"product_cat":[218,100,68,88],"product_tag":[],"class_list":{"0":"post-8067","1":"product","2":"type-product","3":"status-publish","4":"has-post-thumbnail","6":"product_cat-eco-friendly","7":"product_cat-glass-storage-jar","8":"product_cat-storage-jars","9":"product_cat-wooden-lid-jar","11":"first","12":"instock","13":"shipping-taxable","14":"purchasable","15":"product-type-variable"},"acf":[],"_links":{"self":[{"href":"https:\/\/www.sinoglass.com\/de\/wp-json\/wp\/v2\/product\/8067","targetHints":{"allow":["GET"]}}],"collection":[{"href":"https:\/\/www.sinoglass.com\/de\/wp-json\/wp\/v2\/product"}],"about":[{"href":"https:\/\/www.sinoglass.com\/de\/wp-json\/wp\/v2\/types\/product"}],"replies":[{"embeddable":true,"href":"https:\/\/www.sinoglass.com\/de\/wp-json\/wp\/v2\/comments?post=8067"}],"wp:featuredmedia":[{"embeddable":true,"href":"https:\/\/www.sinoglass.com\/de\/wp-json\/wp\/v2\/media\/8069"}],"wp:attachment":[{"href":"https:\/\/www.sinoglass.com\/de\/wp-json\/wp\/v2\/media?parent=8067"}],"wp:term":[{"taxonomy":"product_brand","embeddable":true,"href":"https:\/\/www.sinoglass.com\/de\/wp-json\/wp\/v2\/product_brand?post=8067"},{"taxonomy":"product_cat","embeddable":true,"href":"https:\/\/www.sinoglass.com\/de\/wp-json\/wp\/v2\/product_cat?post=8067"},{"taxonomy":"product_tag","embeddable":true,"href":"https:\/\/www.sinoglass.com\/de\/wp-json\/wp\/v2\/product_tag?post=8067"}],"curies":[{"name":"WP","href":"https:\/\/api.w.org\/{rel}","templated":true}]}}