{"id":8051,"date":"2025-04-18T13:26:53","date_gmt":"2025-04-18T05:26:53","guid":{"rendered":"https:\/\/www.sinoglass.com\/?post_type=product&#038;p=8051"},"modified":"2025-10-21T13:41:14","modified_gmt":"2025-10-21T05:41:14","slug":"straw-water-bottle-for-sports","status":"publish","type":"product","link":"https:\/\/www.sinoglass.com\/de\/product\/straw-water-bottle-for-sports\/","title":{"rendered":"Geformte Griff PCTG Flasche mit Klapphalm #66342001"},"content":{"rendered":"<p>Die Haltbarkeit und das leichte Gewicht des PCTG BPA-freien Kunststoffs eignen sich perfekt f\u00fcr einen robusten geformten Griffdeckel, insbesondere f\u00fcr einen mit einem schnell klappbaren Stroh. Der geformte Griff bleibt an Ort und Stelle, so dass Sie don&#8217; t muss f\u00fcr die Verwendung hochgeschwindet werden.  It&#8217; s das Beste aller Welten f\u00fcr einen aktiven Tag von Bewegung und Hydration. Sind Sie sich sicher, wie viel Sie&#8217; Sie konsumieren? Schauen Sie sich einfach die Flasche an, die Volumenmessungen sind da. Der FLYER SPORT ist Ihr Sporttag Begleiter.<\/p>","protected":false},"excerpt":{"rendered":"<ul style=\"list-style-type: disc;\">\n<li>Klappbares Stroh f\u00fcr schnellen Zugang.<\/li>\n<li>Starker und stabiler geformter Griff.<\/li>\n<li>Doppelwandige Karosserie aus Edelstahl zur Temperaturregelung.<\/li>\n<li>Erh\u00e4ltlich in f\u00fcnf Gr\u00f6\u00dfen und drei Farben.<\/li>\n<\/ul>","protected":false},"featured_media":8058,"comment_status":"open","ping_status":"closed","template":"","meta":{"_acf_changed":false},"product_brand":[],"product_cat":[74,92],"product_tag":[],"class_list":{"0":"post-8051","1":"product","2":"type-product","3":"status-publish","4":"has-post-thumbnail","6":"product_cat-tritan-plastic-bottle","7":"product_cat-water-bottles","9":"first","10":"instock","11":"shipping-taxable","12":"purchasable","13":"product-type-variable"},"acf":[],"_links":{"self":[{"href":"https:\/\/www.sinoglass.com\/de\/wp-json\/wp\/v2\/product\/8051","targetHints":{"allow":["GET"]}}],"collection":[{"href":"https:\/\/www.sinoglass.com\/de\/wp-json\/wp\/v2\/product"}],"about":[{"href":"https:\/\/www.sinoglass.com\/de\/wp-json\/wp\/v2\/types\/product"}],"replies":[{"embeddable":true,"href":"https:\/\/www.sinoglass.com\/de\/wp-json\/wp\/v2\/comments?post=8051"}],"wp:featuredmedia":[{"embeddable":true,"href":"https:\/\/www.sinoglass.com\/de\/wp-json\/wp\/v2\/media\/8058"}],"wp:attachment":[{"href":"https:\/\/www.sinoglass.com\/de\/wp-json\/wp\/v2\/media?parent=8051"}],"wp:term":[{"taxonomy":"product_brand","embeddable":true,"href":"https:\/\/www.sinoglass.com\/de\/wp-json\/wp\/v2\/product_brand?post=8051"},{"taxonomy":"product_cat","embeddable":true,"href":"https:\/\/www.sinoglass.com\/de\/wp-json\/wp\/v2\/product_cat?post=8051"},{"taxonomy":"product_tag","embeddable":true,"href":"https:\/\/www.sinoglass.com\/de\/wp-json\/wp\/v2\/product_tag?post=8051"}],"curies":[{"name":"WP","href":"https:\/\/api.w.org\/{rel}","templated":true}]}}