{"id":8041,"date":"2025-04-18T11:32:07","date_gmt":"2025-04-18T03:32:07","guid":{"rendered":"https:\/\/www.sinoglass.com\/?post_type=product&#038;p=8041"},"modified":"2025-10-21T13:41:03","modified_gmt":"2025-10-21T05:41:03","slug":"insulated-bottle-with-folding-straw","status":"publish","type":"product","link":"https:\/\/www.sinoglass.com\/de\/product\/insulated-bottle-with-folding-straw\/","title":{"rendered":"Geformte Griff isolierte Flasche mit Klapphalm #66332001"},"content":{"rendered":"<p>F\u00fcllen Sie es, greifen Sie es und laufen Sie mit ihm oder rutschen Sie einen G\u00fcrtel oder einen G\u00fcrtel durch den starken und stabilen geformten Griff, um ihn sicher zu halten. Der geformte Griff bleibt an Ort und Stelle, so dass Sie don&#8217; t m\u00fcssen es aufschwenken, um es zu verwenden. Der FLYER ist eine tolle Option sowohl f\u00fcr eine raue Umgebung als auch f\u00fcr einen Spaziergang im Park, und das klappbare Stroh wird f\u00fcr einen Drink hochgeklappt, dann zum Abdecken herabgeklappt. Thermischer Edelstahl h\u00e4lt die gew\u00fcnschte Temperatur.<\/p>","protected":false},"excerpt":{"rendered":"<ul style=\"list-style-type: disc;\">\n<li>Klappbares Stroh f\u00fcr schnellen Zugang.<\/li>\n<li>Starker und stabiler geformter Griff.<\/li>\n<li>Doppelwandige Karosserie aus Edelstahl zur Temperaturregelung.<\/li>\n<li>Erh\u00e4ltlich in f\u00fcnf Gr\u00f6\u00dfen und drei Farben.<\/li>\n<\/ul>","protected":false},"featured_media":8046,"comment_status":"open","ping_status":"closed","template":"","meta":{"_acf_changed":false},"product_brand":[],"product_cat":[73,92],"product_tag":[],"class_list":{"0":"post-8041","1":"product","2":"type-product","3":"status-publish","4":"has-post-thumbnail","6":"product_cat-insulated-bottle","7":"product_cat-water-bottles","9":"first","10":"instock","11":"shipping-taxable","12":"purchasable","13":"product-type-variable"},"acf":[],"_links":{"self":[{"href":"https:\/\/www.sinoglass.com\/de\/wp-json\/wp\/v2\/product\/8041","targetHints":{"allow":["GET"]}}],"collection":[{"href":"https:\/\/www.sinoglass.com\/de\/wp-json\/wp\/v2\/product"}],"about":[{"href":"https:\/\/www.sinoglass.com\/de\/wp-json\/wp\/v2\/types\/product"}],"replies":[{"embeddable":true,"href":"https:\/\/www.sinoglass.com\/de\/wp-json\/wp\/v2\/comments?post=8041"}],"wp:featuredmedia":[{"embeddable":true,"href":"https:\/\/www.sinoglass.com\/de\/wp-json\/wp\/v2\/media\/8046"}],"wp:attachment":[{"href":"https:\/\/www.sinoglass.com\/de\/wp-json\/wp\/v2\/media?parent=8041"}],"wp:term":[{"taxonomy":"product_brand","embeddable":true,"href":"https:\/\/www.sinoglass.com\/de\/wp-json\/wp\/v2\/product_brand?post=8041"},{"taxonomy":"product_cat","embeddable":true,"href":"https:\/\/www.sinoglass.com\/de\/wp-json\/wp\/v2\/product_cat?post=8041"},{"taxonomy":"product_tag","embeddable":true,"href":"https:\/\/www.sinoglass.com\/de\/wp-json\/wp\/v2\/product_tag?post=8041"}],"curies":[{"name":"WP","href":"https:\/\/api.w.org\/{rel}","templated":true}]}}