{"id":8032,"date":"2025-04-18T11:08:11","date_gmt":"2025-04-18T03:08:11","guid":{"rendered":"https:\/\/www.sinoglass.com\/?post_type=product&#038;p=8032"},"modified":"2025-10-21T13:37:40","modified_gmt":"2025-10-21T05:37:40","slug":"plastic-salt-pepper-mills","status":"publish","type":"product","link":"https:\/\/www.sinoglass.com\/de\/product\/plastic-salt-pepper-mills\/","title":{"rendered":"Holz und robuste Kunststoff Salz-\/Pfefferm\u00fchlen #8989000204"},"content":{"rendered":"<p>Abwechslung ist das Gew\u00fcrz des Lebens, und CLEARVIEW MILLS bieten eine \u00fcberraschende M\u00f6glichkeit, Abwechslung zu Ihrem Tisch hinzuzuf\u00fcgen. Das elegante Aussehen des Holzes und die Bequemlichkeit des klaren Kunststoffs verbinden sich zu einem einzigartigen Set, das jeden zum Sprechen bringt. Sie k\u00f6nnen zwischen Akaziaholz oder Gummiholz f\u00fcr den Schleifkopf w\u00e4hlen, und der Edelstahlring am K\u00f6rper verleiht einen stilvollen Touch. Der gleiche lebenslange Keramikmechanismus, Zinklegierungsverstellknopf und hochwertige Konstruktion halten den Geschmack flie\u00dfend und das Gespr\u00e4ch weiter.<\/p>","protected":false},"excerpt":{"rendered":"<ul>\n<li>Stilvolles Holz und robuste Salz-\/Pfefferm\u00fchlen aus Kunststoff.<\/li>\n<li>Einzigartiges CLEARVIEW Design.<\/li>\n<li>Bequemes S und P auf dem Zinklegierungsknopf.<\/li>\n<li>Lebenslang Keramikmechanismus.<\/li>\n<li>Zwei echte W\u00e4lder zur Verf\u00fcgung: Acacia, Gummiholz.<\/li>\n<\/ul>","protected":false},"featured_media":8039,"comment_status":"open","ping_status":"closed","template":"","meta":{"_acf_changed":false},"product_brand":[],"product_cat":[268,71],"product_tag":[],"class_list":{"0":"post-8032","1":"product","2":"type-product","3":"status-publish","4":"has-post-thumbnail","6":"product_cat-glass-plastic-mills","7":"product_cat-mills-grinders","9":"first","10":"instock","11":"shipping-taxable","12":"purchasable","13":"product-type-variable"},"acf":[],"_links":{"self":[{"href":"https:\/\/www.sinoglass.com\/de\/wp-json\/wp\/v2\/product\/8032","targetHints":{"allow":["GET"]}}],"collection":[{"href":"https:\/\/www.sinoglass.com\/de\/wp-json\/wp\/v2\/product"}],"about":[{"href":"https:\/\/www.sinoglass.com\/de\/wp-json\/wp\/v2\/types\/product"}],"replies":[{"embeddable":true,"href":"https:\/\/www.sinoglass.com\/de\/wp-json\/wp\/v2\/comments?post=8032"}],"wp:featuredmedia":[{"embeddable":true,"href":"https:\/\/www.sinoglass.com\/de\/wp-json\/wp\/v2\/media\/8039"}],"wp:attachment":[{"href":"https:\/\/www.sinoglass.com\/de\/wp-json\/wp\/v2\/media?parent=8032"}],"wp:term":[{"taxonomy":"product_brand","embeddable":true,"href":"https:\/\/www.sinoglass.com\/de\/wp-json\/wp\/v2\/product_brand?post=8032"},{"taxonomy":"product_cat","embeddable":true,"href":"https:\/\/www.sinoglass.com\/de\/wp-json\/wp\/v2\/product_cat?post=8032"},{"taxonomy":"product_tag","embeddable":true,"href":"https:\/\/www.sinoglass.com\/de\/wp-json\/wp\/v2\/product_tag?post=8032"}],"curies":[{"name":"WP","href":"https:\/\/api.w.org\/{rel}","templated":true}]}}